{"id":1521,"date":"2021-09-19T04:21:23","date_gmt":"2021-09-19T02:21:23","guid":{"rendered":"https:\/\/beautyplus.life\/?page_id=1521"},"modified":"2021-09-19T04:35:42","modified_gmt":"2021-09-19T02:35:42","slug":"prestations","status":"publish","type":"page","link":"https:\/\/beautyplus.life\/index.php\/prestations\/","title":{"rendered":"Prestations"},"content":{"rendered":"\t\t<div data-elementor-type=\"wp-page\" data-elementor-id=\"1521\" class=\"elementor elementor-1521\" data-elementor-post-type=\"page\">\n\t\t\t\t\t\t<section class=\"elementor-section elementor-top-section elementor-element elementor-element-69d2634 elementor-section-full_width elementor-section-height-default elementor-section-height-default\" data-id=\"69d2634\" data-element_type=\"section\" data-settings=\"{&quot;jet_parallax_layout_list&quot;:[{&quot;jet_parallax_layout_image&quot;:{&quot;url&quot;:&quot;&quot;,&quot;id&quot;:&quot;&quot;,&quot;size&quot;:&quot;&quot;},&quot;_id&quot;:&quot;68a1355&quot;,&quot;jet_parallax_layout_image_tablet&quot;:{&quot;url&quot;:&quot;&quot;,&quot;id&quot;:&quot;&quot;,&quot;size&quot;:&quot;&quot;},&quot;jet_parallax_layout_image_mobile&quot;:{&quot;url&quot;:&quot;&quot;,&quot;id&quot;:&quot;&quot;,&quot;size&quot;:&quot;&quot;},&quot;jet_parallax_layout_speed&quot;:{&quot;unit&quot;:&quot;%&quot;,&quot;size&quot;:50,&quot;sizes&quot;:[]},&quot;jet_parallax_layout_type&quot;:&quot;scroll&quot;,&quot;jet_parallax_layout_direction&quot;:null,&quot;jet_parallax_layout_fx_direction&quot;:null,&quot;jet_parallax_layout_z_index&quot;:&quot;&quot;,&quot;jet_parallax_layout_bg_x&quot;:50,&quot;jet_parallax_layout_bg_x_tablet&quot;:&quot;&quot;,&quot;jet_parallax_layout_bg_x_mobile&quot;:&quot;&quot;,&quot;jet_parallax_layout_bg_y&quot;:50,&quot;jet_parallax_layout_bg_y_tablet&quot;:&quot;&quot;,&quot;jet_parallax_layout_bg_y_mobile&quot;:&quot;&quot;,&quot;jet_parallax_layout_bg_size&quot;:&quot;auto&quot;,&quot;jet_parallax_layout_bg_size_tablet&quot;:&quot;&quot;,&quot;jet_parallax_layout_bg_size_mobile&quot;:&quot;&quot;,&quot;jet_parallax_layout_animation_prop&quot;:&quot;transform&quot;,&quot;jet_parallax_layout_on&quot;:[&quot;desktop&quot;,&quot;tablet&quot;]}]}\">\n\t\t\t\t\t\t<div class=\"elementor-container elementor-column-gap-no\">\n\t\t\t\t\t<div class=\"elementor-column elementor-col-100 elementor-top-column elementor-element elementor-element-cb6c059\" data-id=\"cb6c059\" data-element_type=\"column\">\n\t\t\t<div class=\"elementor-widget-wrap elementor-element-populated\">\n\t\t\t\t\t\t<div class=\"elementor-element elementor-element-8ba3785 elementor-widget elementor-widget-jet-image-accordion\" data-id=\"8ba3785\" data-element_type=\"widget\" data-widget_type=\"jet-image-accordion.default\">\n\t\t\t\t<div class=\"elementor-widget-container\">\n\t\t\t<div class=\"elementor-jet-image-accordion jet-tabs-addons\"><div class=\"jet-image-accordion jet-image-accordion-horizontal-orientation jet-image-accordion-circ-ease\" role=\"tablist\" data-settings=\"{&quot;orientation&quot;:&quot;horizontal&quot;,&quot;activeSize&quot;:{&quot;unit&quot;:&quot;%&quot;,&quot;size&quot;:50,&quot;sizes&quot;:[]},&quot;duration&quot;:500,&quot;activeItem&quot;:-1}\">\n\t<div class=\"jet-image-accordion__list\">\n<div class=\"jet-image-accordion__item title-display-mode__on_hover\" role=\"tab\" aria-selected=\"false\" tabindex=\"0\">\n<img decoding=\"async\" class=\"jet-image-accordion__image-instance\" src=\"https:\/\/beautyplus.life\/wp-content\/uploads\/2021\/09\/micropigmentation.jpg\" alt=\"micropigmentation\">\t\t<div class=\"jet-image-accordion__content\"><h5 class=\"jet-image-accordion__title\">Micropigmentation <\/h5><div class=\"jet-image-accordion__desc\">Vivez votre beaut\u00e9 \u00e0 fond... et \u00e0 tous moments. Beauty Plus vous permet de profiter des derni\u00e8res techniques dans le domaine.<\/div><a class=\"elementor-button elementor-size-md jet-image-accordion__button\" role=\"button\" tabindex=\"0\" href=\"https:\/\/beautyplus.life\/index.php\/maquillage-permanent\/\">En savoir +<\/a><\/div>\n\t<div class=\"jet-image-accordion__item-loader\"><span><\/span><\/div>\n<\/div>\n<div class=\"jet-image-accordion__item title-display-mode__on_hover\" role=\"tab\" aria-selected=\"false\" tabindex=\"0\">\n<img decoding=\"async\" class=\"jet-image-accordion__image-instance\" src=\"https:\/\/beautyplus.life\/wp-content\/uploads\/2021\/09\/soins-beaute.jpg\" alt=\"soins-beaute\">\t\t<div class=\"jet-image-accordion__content\"><h5 class=\"jet-image-accordion__title\">Soins beaut\u00e9<\/h5><div class=\"jet-image-accordion__desc\">Beauty Plus vous propose des soins naturels et innovants, qui vous permettront de sublimer durablement votre beaut\u00e9.<\/div><a class=\"elementor-button elementor-size-md jet-image-accordion__button\" role=\"button\" tabindex=\"0\" href=\"https:\/\/beautyplus.life\/index.php\/soins-beaute\/\">En savoir +<\/a><\/div>\n\t<div class=\"jet-image-accordion__item-loader\"><span><\/span><\/div>\n<\/div>\n<div class=\"jet-image-accordion__item title-display-mode__on_hover\" role=\"tab\" aria-selected=\"false\" tabindex=\"0\">\n<img decoding=\"async\" class=\"jet-image-accordion__image-instance\" src=\"https:\/\/beautyplus.life\/wp-content\/uploads\/2021\/09\/soins-reparateurs.jpg\" alt=\"soins-reparateurs\">\t\t<div class=\"jet-image-accordion__content\"><h5 class=\"jet-image-accordion__title\">Soins r\u00e9parateurs<\/h5><div class=\"jet-image-accordion__desc\">Retrouver votre plein potentiel ! Beauty Plus a s\u00e9lectionn\u00e9 pour vous, les m\u00e9thodes esth\u00e9tiques les plus durables et innovantes.<\/div><a class=\"elementor-button elementor-size-md jet-image-accordion__button\" role=\"button\" tabindex=\"0\" href=\"https:\/\/beautyplus.life\/index.php\/soins-reparateurs\/\">En savoir +<\/a><\/div>\n\t<div class=\"jet-image-accordion__item-loader\"><span><\/span><\/div>\n<\/div>\n<\/div>\n<\/div>\n<\/div>\t\t<\/div>\n\t\t\t\t<\/div>\n\t\t\t\t\t<\/div>\n\t\t<\/div>\n\t\t\t\t\t<\/div>\n\t\t<\/section>\n\t\t\t\t<\/div>\n\t\t","protected":false},"excerpt":{"rendered":"<p>Micropigmentation Vivez votre beaut\u00e9 \u00e0 fond&#8230; et \u00e0 tous moments. Beauty Plus vous permet de profiter des derni\u00e8res techniques dans le domaine. Soins beaut\u00e9 Beauty Plus vous propose des soins naturels et innovants, qui vous permettront de sublimer durablement votre beaut\u00e9. Soins r\u00e9parateurs Retrouver votre plein potentiel ! Beauty Plus a s\u00e9lectionn\u00e9 pour vous, les [&hellip;]<\/p>\n","protected":false},"author":1,"featured_media":0,"parent":0,"menu_order":0,"comment_status":"closed","ping_status":"closed","template":"","meta":{"footnotes":""},"class_list":["post-1521","page","type-page","status-publish","hentry"],"yoast_head":"<!-- This site is optimized with the Yoast SEO Premium plugin v23.4 (Yoast SEO v23.9) - https:\/\/yoast.com\/wordpress\/plugins\/seo\/ -->\n<title>Prestations - Beauty Plus<\/title>\n<meta name=\"robots\" content=\"index, follow, max-snippet:-1, max-image-preview:large, max-video-preview:-1\" \/>\n<link rel=\"canonical\" href=\"https:\/\/beautyplus.life\/index.php\/prestations\/\" \/>\n<meta property=\"og:locale\" content=\"fr_FR\" \/>\n<meta property=\"og:type\" content=\"article\" \/>\n<meta property=\"og:title\" content=\"Prestations\" \/>\n<meta property=\"og:description\" content=\"Micropigmentation Vivez votre beaut\u00e9 \u00e0 fond&#8230; et \u00e0 tous moments. Beauty Plus vous permet de profiter des derni\u00e8res techniques dans le domaine. Soins beaut\u00e9 Beauty Plus vous propose des soins naturels et innovants, qui vous permettront de sublimer durablement votre beaut\u00e9. Soins r\u00e9parateurs Retrouver votre plein potentiel ! Beauty Plus a s\u00e9lectionn\u00e9 pour vous, les [&hellip;]\" \/>\n<meta property=\"og:url\" content=\"https:\/\/beautyplus.life\/index.php\/prestations\/\" \/>\n<meta property=\"og:site_name\" content=\"Beauty Plus\" \/>\n<meta property=\"article:modified_time\" content=\"2021-09-19T02:35:42+00:00\" \/>\n<meta property=\"og:image\" content=\"http:\/\/beautyplus.life\/wp-content\/uploads\/2021\/09\/micropigmentation.jpg\" \/>\n<meta name=\"twitter:card\" content=\"summary_large_image\" \/>\n<script type=\"application\/ld+json\" class=\"yoast-schema-graph\">{\"@context\":\"https:\/\/schema.org\",\"@graph\":[{\"@type\":\"WebPage\",\"@id\":\"https:\/\/beautyplus.life\/index.php\/prestations\/\",\"url\":\"https:\/\/beautyplus.life\/index.php\/prestations\/\",\"name\":\"Prestations - Beauty Plus\",\"isPartOf\":{\"@id\":\"https:\/\/beautyplus.life\/#website\"},\"primaryImageOfPage\":{\"@id\":\"https:\/\/beautyplus.life\/index.php\/prestations\/#primaryimage\"},\"image\":{\"@id\":\"https:\/\/beautyplus.life\/index.php\/prestations\/#primaryimage\"},\"thumbnailUrl\":\"http:\/\/beautyplus.life\/wp-content\/uploads\/2021\/09\/micropigmentation.jpg\",\"datePublished\":\"2021-09-19T02:21:23+00:00\",\"dateModified\":\"2021-09-19T02:35:42+00:00\",\"breadcrumb\":{\"@id\":\"https:\/\/beautyplus.life\/index.php\/prestations\/#breadcrumb\"},\"inLanguage\":\"fr-FR\",\"potentialAction\":[{\"@type\":\"ReadAction\",\"target\":[\"https:\/\/beautyplus.life\/index.php\/prestations\/\"]}]},{\"@type\":\"ImageObject\",\"inLanguage\":\"fr-FR\",\"@id\":\"https:\/\/beautyplus.life\/index.php\/prestations\/#primaryimage\",\"url\":\"http:\/\/beautyplus.life\/wp-content\/uploads\/2021\/09\/micropigmentation.jpg\",\"contentUrl\":\"http:\/\/beautyplus.life\/wp-content\/uploads\/2021\/09\/micropigmentation.jpg\"},{\"@type\":\"BreadcrumbList\",\"@id\":\"https:\/\/beautyplus.life\/index.php\/prestations\/#breadcrumb\",\"itemListElement\":[{\"@type\":\"ListItem\",\"position\":1,\"name\":\"Home\",\"item\":\"https:\/\/beautyplus.life\/\"},{\"@type\":\"ListItem\",\"position\":2,\"name\":\"Prestations\"}]},{\"@type\":\"WebSite\",\"@id\":\"https:\/\/beautyplus.life\/#website\",\"url\":\"https:\/\/beautyplus.life\/\",\"name\":\"Beauty Plus\",\"description\":\"Sp\u00e9cialiste soin et beaut\u00e9\",\"publisher\":{\"@id\":\"https:\/\/beautyplus.life\/#organization\"},\"potentialAction\":[{\"@type\":\"SearchAction\",\"target\":{\"@type\":\"EntryPoint\",\"urlTemplate\":\"https:\/\/beautyplus.life\/?s={search_term_string}\"},\"query-input\":{\"@type\":\"PropertyValueSpecification\",\"valueRequired\":true,\"valueName\":\"search_term_string\"}}],\"inLanguage\":\"fr-FR\"},{\"@type\":\"Organization\",\"@id\":\"https:\/\/beautyplus.life\/#organization\",\"name\":\"Beauty Plus\",\"url\":\"https:\/\/beautyplus.life\/\",\"logo\":{\"@type\":\"ImageObject\",\"inLanguage\":\"fr-FR\",\"@id\":\"https:\/\/beautyplus.life\/#\/schema\/logo\/image\/\",\"url\":\"https:\/\/beautyplus.life\/wp-content\/uploads\/2021\/08\/BPlus_logo_assets.svg\",\"contentUrl\":\"https:\/\/beautyplus.life\/wp-content\/uploads\/2021\/08\/BPlus_logo_assets.svg\",\"width\":328.19,\"height\":150.99,\"caption\":\"Beauty Plus\"},\"image\":{\"@id\":\"https:\/\/beautyplus.life\/#\/schema\/logo\/image\/\"}}]}<\/script>\n<!-- \/ Yoast SEO Premium plugin. -->","yoast_head_json":{"title":"Prestations - Beauty Plus","robots":{"index":"index","follow":"follow","max-snippet":"max-snippet:-1","max-image-preview":"max-image-preview:large","max-video-preview":"max-video-preview:-1"},"canonical":"https:\/\/beautyplus.life\/index.php\/prestations\/","og_locale":"fr_FR","og_type":"article","og_title":"Prestations","og_description":"Micropigmentation Vivez votre beaut\u00e9 \u00e0 fond&#8230; et \u00e0 tous moments. Beauty Plus vous permet de profiter des derni\u00e8res techniques dans le domaine. Soins beaut\u00e9 Beauty Plus vous propose des soins naturels et innovants, qui vous permettront de sublimer durablement votre beaut\u00e9. Soins r\u00e9parateurs Retrouver votre plein potentiel ! Beauty Plus a s\u00e9lectionn\u00e9 pour vous, les [&hellip;]","og_url":"https:\/\/beautyplus.life\/index.php\/prestations\/","og_site_name":"Beauty Plus","article_modified_time":"2021-09-19T02:35:42+00:00","og_image":[{"url":"http:\/\/beautyplus.life\/wp-content\/uploads\/2021\/09\/micropigmentation.jpg"}],"twitter_card":"summary_large_image","schema":{"@context":"https:\/\/schema.org","@graph":[{"@type":"WebPage","@id":"https:\/\/beautyplus.life\/index.php\/prestations\/","url":"https:\/\/beautyplus.life\/index.php\/prestations\/","name":"Prestations - Beauty Plus","isPartOf":{"@id":"https:\/\/beautyplus.life\/#website"},"primaryImageOfPage":{"@id":"https:\/\/beautyplus.life\/index.php\/prestations\/#primaryimage"},"image":{"@id":"https:\/\/beautyplus.life\/index.php\/prestations\/#primaryimage"},"thumbnailUrl":"http:\/\/beautyplus.life\/wp-content\/uploads\/2021\/09\/micropigmentation.jpg","datePublished":"2021-09-19T02:21:23+00:00","dateModified":"2021-09-19T02:35:42+00:00","breadcrumb":{"@id":"https:\/\/beautyplus.life\/index.php\/prestations\/#breadcrumb"},"inLanguage":"fr-FR","potentialAction":[{"@type":"ReadAction","target":["https:\/\/beautyplus.life\/index.php\/prestations\/"]}]},{"@type":"ImageObject","inLanguage":"fr-FR","@id":"https:\/\/beautyplus.life\/index.php\/prestations\/#primaryimage","url":"http:\/\/beautyplus.life\/wp-content\/uploads\/2021\/09\/micropigmentation.jpg","contentUrl":"http:\/\/beautyplus.life\/wp-content\/uploads\/2021\/09\/micropigmentation.jpg"},{"@type":"BreadcrumbList","@id":"https:\/\/beautyplus.life\/index.php\/prestations\/#breadcrumb","itemListElement":[{"@type":"ListItem","position":1,"name":"Home","item":"https:\/\/beautyplus.life\/"},{"@type":"ListItem","position":2,"name":"Prestations"}]},{"@type":"WebSite","@id":"https:\/\/beautyplus.life\/#website","url":"https:\/\/beautyplus.life\/","name":"Beauty Plus","description":"Sp\u00e9cialiste soin et beaut\u00e9","publisher":{"@id":"https:\/\/beautyplus.life\/#organization"},"potentialAction":[{"@type":"SearchAction","target":{"@type":"EntryPoint","urlTemplate":"https:\/\/beautyplus.life\/?s={search_term_string}"},"query-input":{"@type":"PropertyValueSpecification","valueRequired":true,"valueName":"search_term_string"}}],"inLanguage":"fr-FR"},{"@type":"Organization","@id":"https:\/\/beautyplus.life\/#organization","name":"Beauty Plus","url":"https:\/\/beautyplus.life\/","logo":{"@type":"ImageObject","inLanguage":"fr-FR","@id":"https:\/\/beautyplus.life\/#\/schema\/logo\/image\/","url":"https:\/\/beautyplus.life\/wp-content\/uploads\/2021\/08\/BPlus_logo_assets.svg","contentUrl":"https:\/\/beautyplus.life\/wp-content\/uploads\/2021\/08\/BPlus_logo_assets.svg","width":328.19,"height":150.99,"caption":"Beauty Plus"},"image":{"@id":"https:\/\/beautyplus.life\/#\/schema\/logo\/image\/"}}]}},"_links":{"self":[{"href":"https:\/\/beautyplus.life\/index.php\/wp-json\/wp\/v2\/pages\/1521","targetHints":{"allow":["GET"]}}],"collection":[{"href":"https:\/\/beautyplus.life\/index.php\/wp-json\/wp\/v2\/pages"}],"about":[{"href":"https:\/\/beautyplus.life\/index.php\/wp-json\/wp\/v2\/types\/page"}],"author":[{"embeddable":true,"href":"https:\/\/beautyplus.life\/index.php\/wp-json\/wp\/v2\/users\/1"}],"replies":[{"embeddable":true,"href":"https:\/\/beautyplus.life\/index.php\/wp-json\/wp\/v2\/comments?post=1521"}],"version-history":[{"count":19,"href":"https:\/\/beautyplus.life\/index.php\/wp-json\/wp\/v2\/pages\/1521\/revisions"}],"predecessor-version":[{"id":1543,"href":"https:\/\/beautyplus.life\/index.php\/wp-json\/wp\/v2\/pages\/1521\/revisions\/1543"}],"wp:attachment":[{"href":"https:\/\/beautyplus.life\/index.php\/wp-json\/wp\/v2\/media?parent=1521"}],"curies":[{"name":"wp","href":"https:\/\/api.w.org\/{rel}","templated":true}]}}