{"id":2584,"date":"2024-07-17T17:47:56","date_gmt":"2024-07-17T21:47:56","guid":{"rendered":"https:\/\/beautyplus.life\/?post_type=product&#038;p=2584"},"modified":"2024-12-12T08:20:46","modified_gmt":"2024-12-12T12:20:46","slug":"demaquillant-aha-glycolique","status":"publish","type":"product","link":"https:\/\/beautyplus.life\/index.php\/produit\/demaquillant-aha-glycolique\/","title":{"rendered":"D\u00e9maquillant AHA Glycolique"},"content":{"rendered":"<p>Voici le nettoyant AHA Glycolic, la solution ultime pour une peau plus claire et plus lisse. Ce puissant nettoyant est sp\u00e9cialement con\u00e7u pour att\u00e9nuer l&rsquo;acn\u00e9 et pr\u00e9server la texture de la peau en contr\u00f4lant la s\u00e9cr\u00e9tion de s\u00e9bum et en st\u00e9rilisant les bact\u00e9ries \u00e0 l&rsquo;origine de l&rsquo;inflammation purulente. Le nettoyant AHA Glycolic est formul\u00e9 avec une combinaison unique d&rsquo;alpha-hydroxyacides et d&rsquo;acide glycolique pour exfolier en douceur et \u00e9liminer les cellules mortes, r\u00e9v\u00e9lant une peau fra\u00eeche et rajeunie. Utilis\u00e9 r\u00e9guli\u00e8rement, ce nettoyant peut aider \u00e0 pr\u00e9venir les \u00e9ruptions cutan\u00e9es et \u00e0 am\u00e9liorer l&rsquo;aspect g\u00e9n\u00e9ral de votre peau. Dites adieu aux imperfections et bonjour \u00e0 une peau radieuse gr\u00e2ce au nettoyant AHA Glycolic.<\/p>\n<p>Ingr\u00e9dients :<\/p>\n<p>Est une solution puissante pour obtenir un teint jeune et \u00e9clatant. Ce produit de soin haut de gamme est formul\u00e9 \u00e0 partir d&rsquo;un m\u00e9lange unique d&rsquo;ingr\u00e9dients puissants qui agissent ensemble pour offrir de multiples avantages \u00e0 votre peau.Contenant de la papa\u00efne, ce nettoyant r\u00e9duit efficacement les rides et les ridules, tout en am\u00e9liorant l&rsquo;\u00e9lasticit\u00e9 de la peau pour une apparence plus ferme et plus lisse. Le panth\u00e9nol aide \u00e0 \u00e9claircir les taches brunes et les imperfections, tout en renfor\u00e7ant l&rsquo;\u00e9lasticit\u00e9 de la peau. Le soufre organique est connu pour ses propri\u00e9t\u00e9s \u00e9claircissantes et exfoliantes, favorisant un teint plus lumineux et plus uniforme. L&rsquo;extrait d&rsquo;alo\u00e8s apaise et calme les inflammations, laissant \u00e0 votre peau une sensation de fra\u00eecheur.<\/p>\n","protected":false},"excerpt":{"rendered":"<p>Voici le nettoyant AHA Glycolic, la solution ultime pour une peau plus claire et plus lisse. Ce puissant nettoyant est sp\u00e9cialement con\u00e7u pour att\u00e9nuer l&rsquo;acn\u00e9 et pr\u00e9server la texture de la peau en contr\u00f4lant la s\u00e9cr\u00e9tion de s\u00e9bum et en st\u00e9rilisant les bact\u00e9ries \u00e0 l&rsquo;origine de l&rsquo;inflammation purulente. Le nettoyant AHA Glycolic est formul\u00e9 avec une combinaison unique d&rsquo;alpha-hydroxyacides et d&rsquo;acide glycolique pour exfolier en douceur et \u00e9liminer les cellules mortes, r\u00e9v\u00e9lant une peau fra\u00eeche et rajeunie. Utilis\u00e9 r\u00e9guli\u00e8rement, ce nettoyant peut aider \u00e0 pr\u00e9venir les \u00e9ruptions cutan\u00e9es et \u00e0 am\u00e9liorer l&rsquo;aspect g\u00e9n\u00e9ral de votre peau. Dites adieu aux imperfections et bonjour \u00e0 une peau radieuse gr\u00e2ce au nettoyant AHA Glycolic.<\/p>\n","protected":false},"featured_media":2586,"template":"","meta":[],"product_brand":[40],"product_cat":[36,34],"product_tag":[53],"class_list":{"0":"post-2584","1":"product","2":"type-product","3":"status-publish","4":"has-post-thumbnail","6":"product_brand-dmcell","7":"product_cat-nettoyant-visage","8":"product_cat-visage","9":"product_tag-tous-les-soins","11":"first","12":"instock","13":"taxable","14":"shipping-taxable","15":"purchasable","16":"product-type-simple"},"yoast_head":"<!-- This site is optimized with the Yoast SEO Premium plugin v23.4 (Yoast SEO v23.9) - https:\/\/yoast.com\/wordpress\/plugins\/seo\/ -->\n<title>D\u00e9maquillant AHA Glycolique - Beauty Plus<\/title>\n<meta name=\"robots\" content=\"index, follow, max-snippet:-1, max-image-preview:large, max-video-preview:-1\" \/>\n<link rel=\"canonical\" href=\"https:\/\/beautyplus.life\/index.php\/produit\/demaquillant-aha-glycolique\/\" \/>\n<meta property=\"og:locale\" content=\"fr_FR\" \/>\n<meta property=\"og:type\" content=\"article\" \/>\n<meta property=\"og:title\" content=\"D\u00e9maquillant AHA Glycolique\" \/>\n<meta property=\"og:description\" content=\"Voici le nettoyant AHA Glycolic, la solution ultime pour une peau plus claire et plus lisse. Ce puissant nettoyant est sp\u00e9cialement con\u00e7u pour att\u00e9nuer l&#039;acn\u00e9 et pr\u00e9server la texture de la peau en contr\u00f4lant la s\u00e9cr\u00e9tion de s\u00e9bum et en st\u00e9rilisant les bact\u00e9ries \u00e0 l&#039;origine de l&#039;inflammation purulente. Le nettoyant AHA Glycolic est formul\u00e9 avec une combinaison unique d&#039;alpha-hydroxyacides et d&#039;acide glycolique pour exfolier en douceur et \u00e9liminer les cellules mortes, r\u00e9v\u00e9lant une peau fra\u00eeche et rajeunie. Utilis\u00e9 r\u00e9guli\u00e8rement, ce nettoyant peut aider \u00e0 pr\u00e9venir les \u00e9ruptions cutan\u00e9es et \u00e0 am\u00e9liorer l&#039;aspect g\u00e9n\u00e9ral de votre peau. Dites adieu aux imperfections et bonjour \u00e0 une peau radieuse gr\u00e2ce au nettoyant AHA Glycolic.\" \/>\n<meta property=\"og:url\" content=\"https:\/\/beautyplus.life\/index.php\/produit\/demaquillant-aha-glycolique\/\" \/>\n<meta property=\"og:site_name\" content=\"Beauty Plus\" \/>\n<meta property=\"article:modified_time\" content=\"2024-12-12T12:20:46+00:00\" \/>\n<meta property=\"og:image\" content=\"https:\/\/beautyplus.life\/wp-content\/uploads\/2024\/07\/opt_demaquillant-AHA-Glycolique.jpg\" \/>\n\t<meta property=\"og:image:width\" content=\"800\" \/>\n\t<meta property=\"og:image:height\" content=\"1200\" \/>\n\t<meta property=\"og:image:type\" content=\"image\/jpeg\" \/>\n<meta name=\"twitter:card\" content=\"summary_large_image\" \/>\n<meta name=\"twitter:label1\" content=\"Dur\u00e9e de lecture estim\u00e9e\" \/>\n\t<meta name=\"twitter:data1\" content=\"2 minutes\" \/>\n<script type=\"application\/ld+json\" class=\"yoast-schema-graph\">{\"@context\":\"https:\/\/schema.org\",\"@graph\":[{\"@type\":\"WebPage\",\"@id\":\"https:\/\/beautyplus.life\/index.php\/produit\/demaquillant-aha-glycolique\/\",\"url\":\"https:\/\/beautyplus.life\/index.php\/produit\/demaquillant-aha-glycolique\/\",\"name\":\"D\u00e9maquillant AHA Glycolique - Beauty Plus\",\"isPartOf\":{\"@id\":\"https:\/\/beautyplus.life\/#website\"},\"primaryImageOfPage\":{\"@id\":\"https:\/\/beautyplus.life\/index.php\/produit\/demaquillant-aha-glycolique\/#primaryimage\"},\"image\":{\"@id\":\"https:\/\/beautyplus.life\/index.php\/produit\/demaquillant-aha-glycolique\/#primaryimage\"},\"thumbnailUrl\":\"https:\/\/beautyplus.life\/wp-content\/uploads\/2024\/07\/opt_demaquillant-AHA-Glycolique.jpg\",\"datePublished\":\"2024-07-17T21:47:56+00:00\",\"dateModified\":\"2024-12-12T12:20:46+00:00\",\"breadcrumb\":{\"@id\":\"https:\/\/beautyplus.life\/index.php\/produit\/demaquillant-aha-glycolique\/#breadcrumb\"},\"inLanguage\":\"fr-FR\",\"potentialAction\":[{\"@type\":\"ReadAction\",\"target\":[\"https:\/\/beautyplus.life\/index.php\/produit\/demaquillant-aha-glycolique\/\"]}]},{\"@type\":\"ImageObject\",\"inLanguage\":\"fr-FR\",\"@id\":\"https:\/\/beautyplus.life\/index.php\/produit\/demaquillant-aha-glycolique\/#primaryimage\",\"url\":\"https:\/\/beautyplus.life\/wp-content\/uploads\/2024\/07\/opt_demaquillant-AHA-Glycolique.jpg\",\"contentUrl\":\"https:\/\/beautyplus.life\/wp-content\/uploads\/2024\/07\/opt_demaquillant-AHA-Glycolique.jpg\",\"width\":800,\"height\":1200},{\"@type\":\"BreadcrumbList\",\"@id\":\"https:\/\/beautyplus.life\/index.php\/produit\/demaquillant-aha-glycolique\/#breadcrumb\",\"itemListElement\":[{\"@type\":\"ListItem\",\"position\":1,\"name\":\"Home\",\"item\":\"https:\/\/beautyplus.life\/\"},{\"@type\":\"ListItem\",\"position\":2,\"name\":\"Boutique\",\"item\":\"https:\/\/beautyplus.life\/index.php\/boutique\/\"},{\"@type\":\"ListItem\",\"position\":3,\"name\":\"D\u00e9maquillant AHA Glycolique\"}]},{\"@type\":\"WebSite\",\"@id\":\"https:\/\/beautyplus.life\/#website\",\"url\":\"https:\/\/beautyplus.life\/\",\"name\":\"Beauty Plus\",\"description\":\"Sp\u00e9cialiste soin et beaut\u00e9\",\"publisher\":{\"@id\":\"https:\/\/beautyplus.life\/#organization\"},\"potentialAction\":[{\"@type\":\"SearchAction\",\"target\":{\"@type\":\"EntryPoint\",\"urlTemplate\":\"https:\/\/beautyplus.life\/?s={search_term_string}\"},\"query-input\":{\"@type\":\"PropertyValueSpecification\",\"valueRequired\":true,\"valueName\":\"search_term_string\"}}],\"inLanguage\":\"fr-FR\"},{\"@type\":\"Organization\",\"@id\":\"https:\/\/beautyplus.life\/#organization\",\"name\":\"Beauty Plus\",\"url\":\"https:\/\/beautyplus.life\/\",\"logo\":{\"@type\":\"ImageObject\",\"inLanguage\":\"fr-FR\",\"@id\":\"https:\/\/beautyplus.life\/#\/schema\/logo\/image\/\",\"url\":\"https:\/\/beautyplus.life\/wp-content\/uploads\/2021\/08\/BPlus_logo_assets.svg\",\"contentUrl\":\"https:\/\/beautyplus.life\/wp-content\/uploads\/2021\/08\/BPlus_logo_assets.svg\",\"width\":328.19,\"height\":150.99,\"caption\":\"Beauty Plus\"},\"image\":{\"@id\":\"https:\/\/beautyplus.life\/#\/schema\/logo\/image\/\"}}]}<\/script>\n<!-- \/ Yoast SEO Premium plugin. -->","yoast_head_json":{"title":"D\u00e9maquillant AHA Glycolique - Beauty Plus","robots":{"index":"index","follow":"follow","max-snippet":"max-snippet:-1","max-image-preview":"max-image-preview:large","max-video-preview":"max-video-preview:-1"},"canonical":"https:\/\/beautyplus.life\/index.php\/produit\/demaquillant-aha-glycolique\/","og_locale":"fr_FR","og_type":"article","og_title":"D\u00e9maquillant AHA Glycolique","og_description":"Voici le nettoyant AHA Glycolic, la solution ultime pour une peau plus claire et plus lisse. Ce puissant nettoyant est sp\u00e9cialement con\u00e7u pour att\u00e9nuer l'acn\u00e9 et pr\u00e9server la texture de la peau en contr\u00f4lant la s\u00e9cr\u00e9tion de s\u00e9bum et en st\u00e9rilisant les bact\u00e9ries \u00e0 l'origine de l'inflammation purulente. Le nettoyant AHA Glycolic est formul\u00e9 avec une combinaison unique d'alpha-hydroxyacides et d'acide glycolique pour exfolier en douceur et \u00e9liminer les cellules mortes, r\u00e9v\u00e9lant une peau fra\u00eeche et rajeunie. Utilis\u00e9 r\u00e9guli\u00e8rement, ce nettoyant peut aider \u00e0 pr\u00e9venir les \u00e9ruptions cutan\u00e9es et \u00e0 am\u00e9liorer l'aspect g\u00e9n\u00e9ral de votre peau. Dites adieu aux imperfections et bonjour \u00e0 une peau radieuse gr\u00e2ce au nettoyant AHA Glycolic.","og_url":"https:\/\/beautyplus.life\/index.php\/produit\/demaquillant-aha-glycolique\/","og_site_name":"Beauty Plus","article_modified_time":"2024-12-12T12:20:46+00:00","og_image":[{"width":800,"height":1200,"url":"https:\/\/beautyplus.life\/wp-content\/uploads\/2024\/07\/opt_demaquillant-AHA-Glycolique.jpg","type":"image\/jpeg"}],"twitter_card":"summary_large_image","twitter_misc":{"Dur\u00e9e de lecture estim\u00e9e":"2 minutes"},"schema":{"@context":"https:\/\/schema.org","@graph":[{"@type":"WebPage","@id":"https:\/\/beautyplus.life\/index.php\/produit\/demaquillant-aha-glycolique\/","url":"https:\/\/beautyplus.life\/index.php\/produit\/demaquillant-aha-glycolique\/","name":"D\u00e9maquillant AHA Glycolique - Beauty Plus","isPartOf":{"@id":"https:\/\/beautyplus.life\/#website"},"primaryImageOfPage":{"@id":"https:\/\/beautyplus.life\/index.php\/produit\/demaquillant-aha-glycolique\/#primaryimage"},"image":{"@id":"https:\/\/beautyplus.life\/index.php\/produit\/demaquillant-aha-glycolique\/#primaryimage"},"thumbnailUrl":"https:\/\/beautyplus.life\/wp-content\/uploads\/2024\/07\/opt_demaquillant-AHA-Glycolique.jpg","datePublished":"2024-07-17T21:47:56+00:00","dateModified":"2024-12-12T12:20:46+00:00","breadcrumb":{"@id":"https:\/\/beautyplus.life\/index.php\/produit\/demaquillant-aha-glycolique\/#breadcrumb"},"inLanguage":"fr-FR","potentialAction":[{"@type":"ReadAction","target":["https:\/\/beautyplus.life\/index.php\/produit\/demaquillant-aha-glycolique\/"]}]},{"@type":"ImageObject","inLanguage":"fr-FR","@id":"https:\/\/beautyplus.life\/index.php\/produit\/demaquillant-aha-glycolique\/#primaryimage","url":"https:\/\/beautyplus.life\/wp-content\/uploads\/2024\/07\/opt_demaquillant-AHA-Glycolique.jpg","contentUrl":"https:\/\/beautyplus.life\/wp-content\/uploads\/2024\/07\/opt_demaquillant-AHA-Glycolique.jpg","width":800,"height":1200},{"@type":"BreadcrumbList","@id":"https:\/\/beautyplus.life\/index.php\/produit\/demaquillant-aha-glycolique\/#breadcrumb","itemListElement":[{"@type":"ListItem","position":1,"name":"Home","item":"https:\/\/beautyplus.life\/"},{"@type":"ListItem","position":2,"name":"Boutique","item":"https:\/\/beautyplus.life\/index.php\/boutique\/"},{"@type":"ListItem","position":3,"name":"D\u00e9maquillant AHA Glycolique"}]},{"@type":"WebSite","@id":"https:\/\/beautyplus.life\/#website","url":"https:\/\/beautyplus.life\/","name":"Beauty Plus","description":"Sp\u00e9cialiste soin et beaut\u00e9","publisher":{"@id":"https:\/\/beautyplus.life\/#organization"},"potentialAction":[{"@type":"SearchAction","target":{"@type":"EntryPoint","urlTemplate":"https:\/\/beautyplus.life\/?s={search_term_string}"},"query-input":{"@type":"PropertyValueSpecification","valueRequired":true,"valueName":"search_term_string"}}],"inLanguage":"fr-FR"},{"@type":"Organization","@id":"https:\/\/beautyplus.life\/#organization","name":"Beauty Plus","url":"https:\/\/beautyplus.life\/","logo":{"@type":"ImageObject","inLanguage":"fr-FR","@id":"https:\/\/beautyplus.life\/#\/schema\/logo\/image\/","url":"https:\/\/beautyplus.life\/wp-content\/uploads\/2021\/08\/BPlus_logo_assets.svg","contentUrl":"https:\/\/beautyplus.life\/wp-content\/uploads\/2021\/08\/BPlus_logo_assets.svg","width":328.19,"height":150.99,"caption":"Beauty Plus"},"image":{"@id":"https:\/\/beautyplus.life\/#\/schema\/logo\/image\/"}}]}},"_links":{"self":[{"href":"https:\/\/beautyplus.life\/index.php\/wp-json\/wp\/v2\/product\/2584","targetHints":{"allow":["GET"]}}],"collection":[{"href":"https:\/\/beautyplus.life\/index.php\/wp-json\/wp\/v2\/product"}],"about":[{"href":"https:\/\/beautyplus.life\/index.php\/wp-json\/wp\/v2\/types\/product"}],"wp:featuredmedia":[{"embeddable":true,"href":"https:\/\/beautyplus.life\/index.php\/wp-json\/wp\/v2\/media\/2586"}],"wp:attachment":[{"href":"https:\/\/beautyplus.life\/index.php\/wp-json\/wp\/v2\/media?parent=2584"}],"wp:term":[{"taxonomy":"product_brand","embeddable":true,"href":"https:\/\/beautyplus.life\/index.php\/wp-json\/wp\/v2\/product_brand?post=2584"},{"taxonomy":"product_cat","embeddable":true,"href":"https:\/\/beautyplus.life\/index.php\/wp-json\/wp\/v2\/product_cat?post=2584"},{"taxonomy":"product_tag","embeddable":true,"href":"https:\/\/beautyplus.life\/index.php\/wp-json\/wp\/v2\/product_tag?post=2584"}],"curies":[{"name":"wp","href":"https:\/\/api.w.org\/{rel}","templated":true}]}}