{"id":2662,"date":"2024-07-18T22:06:10","date_gmt":"2024-07-19T02:06:10","guid":{"rendered":"https:\/\/beautyplus.life\/?post_type=product&#038;p=2662"},"modified":"2024-12-12T08:05:34","modified_gmt":"2024-12-12T12:05:34","slug":"silky-hyaluronic-essence","status":"publish","type":"product","link":"https:\/\/beautyplus.life\/index.php\/produit\/silky-hyaluronic-essence\/","title":{"rendered":"Cr\u00e8me Miracle Peau Perfection"},"content":{"rendered":"<p>C&rsquo;est une creme avec des facteurs de croissance \u00e9pidermiques se sont des prot\u00e9ines naturelles pr\u00e9sentes dans la peau qui aident \u00e0 la r\u00e9g\u00e9n\u00e9ration cellulaire. L&rsquo;utilisation de facteurs de croissance visent \u00e0 stimuler la production de collag\u00e8ne, d&rsquo;\u00e9lastine et d&rsquo;autres composants comme la Niacinamide pour ses effets \u00e9claircissant ou encore l&rsquo;Extrait de Centella Asiatica pour am\u00e9liorer la fermet\u00e9 et l&rsquo;apparence de la peau.<\/p>\n<p>La Cr\u00e8me \u00c9clatante Intensive est une v\u00e9ritable p\u00e9pite de soin de la peau. Gr\u00e2ce \u00e0 l&rsquo;incorporation de Gamma PGA, une substance naturelle d&rsquo;une rare efficacit\u00e9, cette cr\u00e8me offre une hydratation exceptionnelle. En agissant comme une \u00e9ponge, le Gamma PGA est capable de retenir jusqu&rsquo;\u00e0 5000 fois son propre poids en eau, maintenant ainsi une hydratation profonde de la peau. Combin\u00e9e \u00e0 l&rsquo;Arbutine, un composant reconnu pour ses propri\u00e9t\u00e9s \u00e9claircissantes, cette cr\u00e8me contribue \u00e0 uniformiser le teint et \u00e0 contr\u00f4ler la production de m\u00e9lanine, r\u00e9duisant ainsi les probl\u00e8mes de taches de rousseur. De plus, gr\u00e2ce \u00e0 l&rsquo;ajout de MSM, un ingr\u00e9dient polyvalent, notre formule favorise la synth\u00e8se du collag\u00e8ne pour une peau plus ferme et aide \u00e0 estomper les rides. En outre, son pouvoir de d\u00e9sintoxication aide \u00e0 purifier la peau, tandis qu&rsquo;il facilite l&rsquo;absorption des principes actifs essentiels<\/p>\n","protected":false},"excerpt":{"rendered":"<p>La Silky Hyaluronic Essence est un s\u00e9rum hydratant formul\u00e9 pour offrir une hydratation intense \u00e0 votre peau. Gr\u00e2ce \u00e0 la puissance de l&rsquo;acide hyaluronique, ce s\u00e9rum p\u00e9n\u00e8tre en profondeur dans la peau pour la revitaliser, la repulper et lui donner un aspect plus lisse et plus jeune.<\/p>\n","protected":false},"featured_media":2665,"template":"","meta":[],"product_brand":[40],"product_cat":[42,41,34],"product_tag":[51,50],"class_list":{"0":"post-2662","1":"product","2":"type-product","3":"status-publish","4":"has-post-thumbnail","6":"product_brand-dmcell","7":"product_cat-creme","8":"product_cat-serum","9":"product_cat-visage","10":"product_tag-coolclear","11":"product_tag-coolifting","13":"first","14":"instock","15":"taxable","16":"shipping-taxable","17":"purchasable","18":"product-type-simple"},"yoast_head":"<!-- This site is optimized with the Yoast SEO Premium plugin v23.4 (Yoast SEO v23.9) - https:\/\/yoast.com\/wordpress\/plugins\/seo\/ -->\n<title>Cr\u00e8me Miracle Peau Perfection - Beauty Plus<\/title>\n<meta name=\"robots\" content=\"index, follow, max-snippet:-1, max-image-preview:large, max-video-preview:-1\" \/>\n<link rel=\"canonical\" href=\"https:\/\/beautyplus.life\/index.php\/produit\/silky-hyaluronic-essence\/\" \/>\n<meta property=\"og:locale\" content=\"fr_FR\" \/>\n<meta property=\"og:type\" content=\"article\" \/>\n<meta property=\"og:title\" content=\"Cr\u00e8me Miracle Peau Perfection\" \/>\n<meta property=\"og:description\" content=\"La Silky Hyaluronic Essence est un s\u00e9rum hydratant formul\u00e9 pour offrir une hydratation intense \u00e0 votre peau. Gr\u00e2ce \u00e0 la puissance de l&#039;acide hyaluronique, ce s\u00e9rum p\u00e9n\u00e8tre en profondeur dans la peau pour la revitaliser, la repulper et lui donner un aspect plus lisse et plus jeune.\" \/>\n<meta property=\"og:url\" content=\"https:\/\/beautyplus.life\/index.php\/produit\/silky-hyaluronic-essence\/\" \/>\n<meta property=\"og:site_name\" content=\"Beauty Plus\" \/>\n<meta property=\"article:modified_time\" content=\"2024-12-12T12:05:34+00:00\" \/>\n<meta property=\"og:image\" content=\"https:\/\/beautyplus.life\/wp-content\/uploads\/2024\/07\/75b86f072d4cf.jpg\" \/>\n\t<meta property=\"og:image:width\" content=\"750\" \/>\n\t<meta property=\"og:image:height\" content=\"750\" \/>\n\t<meta property=\"og:image:type\" content=\"image\/jpeg\" \/>\n<meta name=\"twitter:card\" content=\"summary_large_image\" \/>\n<meta name=\"twitter:label1\" content=\"Dur\u00e9e de lecture estim\u00e9e\" \/>\n\t<meta name=\"twitter:data1\" content=\"1 minute\" \/>\n<script type=\"application\/ld+json\" class=\"yoast-schema-graph\">{\"@context\":\"https:\/\/schema.org\",\"@graph\":[{\"@type\":\"WebPage\",\"@id\":\"https:\/\/beautyplus.life\/index.php\/produit\/silky-hyaluronic-essence\/\",\"url\":\"https:\/\/beautyplus.life\/index.php\/produit\/silky-hyaluronic-essence\/\",\"name\":\"Cr\u00e8me Miracle Peau Perfection - Beauty Plus\",\"isPartOf\":{\"@id\":\"https:\/\/beautyplus.life\/#website\"},\"primaryImageOfPage\":{\"@id\":\"https:\/\/beautyplus.life\/index.php\/produit\/silky-hyaluronic-essence\/#primaryimage\"},\"image\":{\"@id\":\"https:\/\/beautyplus.life\/index.php\/produit\/silky-hyaluronic-essence\/#primaryimage\"},\"thumbnailUrl\":\"https:\/\/beautyplus.life\/wp-content\/uploads\/2024\/07\/75b86f072d4cf.jpg\",\"datePublished\":\"2024-07-19T02:06:10+00:00\",\"dateModified\":\"2024-12-12T12:05:34+00:00\",\"breadcrumb\":{\"@id\":\"https:\/\/beautyplus.life\/index.php\/produit\/silky-hyaluronic-essence\/#breadcrumb\"},\"inLanguage\":\"fr-FR\",\"potentialAction\":[{\"@type\":\"ReadAction\",\"target\":[\"https:\/\/beautyplus.life\/index.php\/produit\/silky-hyaluronic-essence\/\"]}]},{\"@type\":\"ImageObject\",\"inLanguage\":\"fr-FR\",\"@id\":\"https:\/\/beautyplus.life\/index.php\/produit\/silky-hyaluronic-essence\/#primaryimage\",\"url\":\"https:\/\/beautyplus.life\/wp-content\/uploads\/2024\/07\/75b86f072d4cf.jpg\",\"contentUrl\":\"https:\/\/beautyplus.life\/wp-content\/uploads\/2024\/07\/75b86f072d4cf.jpg\",\"width\":750,\"height\":750},{\"@type\":\"BreadcrumbList\",\"@id\":\"https:\/\/beautyplus.life\/index.php\/produit\/silky-hyaluronic-essence\/#breadcrumb\",\"itemListElement\":[{\"@type\":\"ListItem\",\"position\":1,\"name\":\"Home\",\"item\":\"https:\/\/beautyplus.life\/\"},{\"@type\":\"ListItem\",\"position\":2,\"name\":\"Boutique\",\"item\":\"https:\/\/beautyplus.life\/index.php\/boutique\/\"},{\"@type\":\"ListItem\",\"position\":3,\"name\":\"Cr\u00e8me Miracle Peau Perfection\"}]},{\"@type\":\"WebSite\",\"@id\":\"https:\/\/beautyplus.life\/#website\",\"url\":\"https:\/\/beautyplus.life\/\",\"name\":\"Beauty Plus\",\"description\":\"Sp\u00e9cialiste soin et beaut\u00e9\",\"publisher\":{\"@id\":\"https:\/\/beautyplus.life\/#organization\"},\"potentialAction\":[{\"@type\":\"SearchAction\",\"target\":{\"@type\":\"EntryPoint\",\"urlTemplate\":\"https:\/\/beautyplus.life\/?s={search_term_string}\"},\"query-input\":{\"@type\":\"PropertyValueSpecification\",\"valueRequired\":true,\"valueName\":\"search_term_string\"}}],\"inLanguage\":\"fr-FR\"},{\"@type\":\"Organization\",\"@id\":\"https:\/\/beautyplus.life\/#organization\",\"name\":\"Beauty Plus\",\"url\":\"https:\/\/beautyplus.life\/\",\"logo\":{\"@type\":\"ImageObject\",\"inLanguage\":\"fr-FR\",\"@id\":\"https:\/\/beautyplus.life\/#\/schema\/logo\/image\/\",\"url\":\"https:\/\/beautyplus.life\/wp-content\/uploads\/2021\/08\/BPlus_logo_assets.svg\",\"contentUrl\":\"https:\/\/beautyplus.life\/wp-content\/uploads\/2021\/08\/BPlus_logo_assets.svg\",\"width\":328.19,\"height\":150.99,\"caption\":\"Beauty Plus\"},\"image\":{\"@id\":\"https:\/\/beautyplus.life\/#\/schema\/logo\/image\/\"}}]}<\/script>\n<!-- \/ Yoast SEO Premium plugin. -->","yoast_head_json":{"title":"Cr\u00e8me Miracle Peau Perfection - Beauty Plus","robots":{"index":"index","follow":"follow","max-snippet":"max-snippet:-1","max-image-preview":"max-image-preview:large","max-video-preview":"max-video-preview:-1"},"canonical":"https:\/\/beautyplus.life\/index.php\/produit\/silky-hyaluronic-essence\/","og_locale":"fr_FR","og_type":"article","og_title":"Cr\u00e8me Miracle Peau Perfection","og_description":"La Silky Hyaluronic Essence est un s\u00e9rum hydratant formul\u00e9 pour offrir une hydratation intense \u00e0 votre peau. Gr\u00e2ce \u00e0 la puissance de l'acide hyaluronique, ce s\u00e9rum p\u00e9n\u00e8tre en profondeur dans la peau pour la revitaliser, la repulper et lui donner un aspect plus lisse et plus jeune.","og_url":"https:\/\/beautyplus.life\/index.php\/produit\/silky-hyaluronic-essence\/","og_site_name":"Beauty Plus","article_modified_time":"2024-12-12T12:05:34+00:00","og_image":[{"width":750,"height":750,"url":"https:\/\/beautyplus.life\/wp-content\/uploads\/2024\/07\/75b86f072d4cf.jpg","type":"image\/jpeg"}],"twitter_card":"summary_large_image","twitter_misc":{"Dur\u00e9e de lecture estim\u00e9e":"1 minute"},"schema":{"@context":"https:\/\/schema.org","@graph":[{"@type":"WebPage","@id":"https:\/\/beautyplus.life\/index.php\/produit\/silky-hyaluronic-essence\/","url":"https:\/\/beautyplus.life\/index.php\/produit\/silky-hyaluronic-essence\/","name":"Cr\u00e8me Miracle Peau Perfection - Beauty Plus","isPartOf":{"@id":"https:\/\/beautyplus.life\/#website"},"primaryImageOfPage":{"@id":"https:\/\/beautyplus.life\/index.php\/produit\/silky-hyaluronic-essence\/#primaryimage"},"image":{"@id":"https:\/\/beautyplus.life\/index.php\/produit\/silky-hyaluronic-essence\/#primaryimage"},"thumbnailUrl":"https:\/\/beautyplus.life\/wp-content\/uploads\/2024\/07\/75b86f072d4cf.jpg","datePublished":"2024-07-19T02:06:10+00:00","dateModified":"2024-12-12T12:05:34+00:00","breadcrumb":{"@id":"https:\/\/beautyplus.life\/index.php\/produit\/silky-hyaluronic-essence\/#breadcrumb"},"inLanguage":"fr-FR","potentialAction":[{"@type":"ReadAction","target":["https:\/\/beautyplus.life\/index.php\/produit\/silky-hyaluronic-essence\/"]}]},{"@type":"ImageObject","inLanguage":"fr-FR","@id":"https:\/\/beautyplus.life\/index.php\/produit\/silky-hyaluronic-essence\/#primaryimage","url":"https:\/\/beautyplus.life\/wp-content\/uploads\/2024\/07\/75b86f072d4cf.jpg","contentUrl":"https:\/\/beautyplus.life\/wp-content\/uploads\/2024\/07\/75b86f072d4cf.jpg","width":750,"height":750},{"@type":"BreadcrumbList","@id":"https:\/\/beautyplus.life\/index.php\/produit\/silky-hyaluronic-essence\/#breadcrumb","itemListElement":[{"@type":"ListItem","position":1,"name":"Home","item":"https:\/\/beautyplus.life\/"},{"@type":"ListItem","position":2,"name":"Boutique","item":"https:\/\/beautyplus.life\/index.php\/boutique\/"},{"@type":"ListItem","position":3,"name":"Cr\u00e8me Miracle Peau Perfection"}]},{"@type":"WebSite","@id":"https:\/\/beautyplus.life\/#website","url":"https:\/\/beautyplus.life\/","name":"Beauty Plus","description":"Sp\u00e9cialiste soin et beaut\u00e9","publisher":{"@id":"https:\/\/beautyplus.life\/#organization"},"potentialAction":[{"@type":"SearchAction","target":{"@type":"EntryPoint","urlTemplate":"https:\/\/beautyplus.life\/?s={search_term_string}"},"query-input":{"@type":"PropertyValueSpecification","valueRequired":true,"valueName":"search_term_string"}}],"inLanguage":"fr-FR"},{"@type":"Organization","@id":"https:\/\/beautyplus.life\/#organization","name":"Beauty Plus","url":"https:\/\/beautyplus.life\/","logo":{"@type":"ImageObject","inLanguage":"fr-FR","@id":"https:\/\/beautyplus.life\/#\/schema\/logo\/image\/","url":"https:\/\/beautyplus.life\/wp-content\/uploads\/2021\/08\/BPlus_logo_assets.svg","contentUrl":"https:\/\/beautyplus.life\/wp-content\/uploads\/2021\/08\/BPlus_logo_assets.svg","width":328.19,"height":150.99,"caption":"Beauty Plus"},"image":{"@id":"https:\/\/beautyplus.life\/#\/schema\/logo\/image\/"}}]}},"_links":{"self":[{"href":"https:\/\/beautyplus.life\/index.php\/wp-json\/wp\/v2\/product\/2662","targetHints":{"allow":["GET"]}}],"collection":[{"href":"https:\/\/beautyplus.life\/index.php\/wp-json\/wp\/v2\/product"}],"about":[{"href":"https:\/\/beautyplus.life\/index.php\/wp-json\/wp\/v2\/types\/product"}],"wp:featuredmedia":[{"embeddable":true,"href":"https:\/\/beautyplus.life\/index.php\/wp-json\/wp\/v2\/media\/2665"}],"wp:attachment":[{"href":"https:\/\/beautyplus.life\/index.php\/wp-json\/wp\/v2\/media?parent=2662"}],"wp:term":[{"taxonomy":"product_brand","embeddable":true,"href":"https:\/\/beautyplus.life\/index.php\/wp-json\/wp\/v2\/product_brand?post=2662"},{"taxonomy":"product_cat","embeddable":true,"href":"https:\/\/beautyplus.life\/index.php\/wp-json\/wp\/v2\/product_cat?post=2662"},{"taxonomy":"product_tag","embeddable":true,"href":"https:\/\/beautyplus.life\/index.php\/wp-json\/wp\/v2\/product_tag?post=2662"}],"curies":[{"name":"wp","href":"https:\/\/api.w.org\/{rel}","templated":true}]}}