{"id":2689,"date":"2024-07-22T14:31:38","date_gmt":"2024-07-22T18:31:38","guid":{"rendered":"https:\/\/beautyplus.life\/?post_type=product&#038;p=2689"},"modified":"2024-11-27T14:40:22","modified_gmt":"2024-11-27T18:40:22","slug":"nettoyant-anti-bacterien","status":"publish","type":"product","link":"https:\/\/beautyplus.life\/index.php\/produit\/nettoyant-anti-bacterien\/","title":{"rendered":"Nettoyant anti-Bact\u00e9rien"},"content":{"rendered":"<p>Ce gel nettoyant contient du triclosan ce qui permet de contr\u00f4ler l&rsquo;action de l&rsquo;acn\u00e9 et l&rsquo;inflammation des follicules pileux . il permet de d\u00e9sinfection des follicules pileux.<\/p>\n","protected":false},"excerpt":{"rendered":"<p>Ce gel nettoyant contient du triclosan ce qui permet de contr\u00f4ler l&rsquo;action de l&rsquo;acn\u00e9 et l&rsquo;inflammation des follicules pileux . il permet de d\u00e9sinfection des follicules pileux.<\/p>\n","protected":false},"featured_media":2850,"template":"","meta":[],"product_brand":[40],"product_cat":[36,34],"product_tag":[],"class_list":{"0":"post-2689","1":"product","2":"type-product","3":"status-publish","4":"has-post-thumbnail","6":"product_brand-dmcell","7":"product_cat-nettoyant-visage","8":"product_cat-visage","10":"first","11":"instock","12":"taxable","13":"shipping-taxable","14":"purchasable","15":"product-type-simple"},"yoast_head":"<!-- This site is optimized with the Yoast SEO Premium plugin v23.4 (Yoast SEO v23.9) - https:\/\/yoast.com\/wordpress\/plugins\/seo\/ -->\n<title>Nettoyant anti-Bact\u00e9rien - Beauty Plus<\/title>\n<meta name=\"robots\" content=\"index, follow, max-snippet:-1, max-image-preview:large, max-video-preview:-1\" \/>\n<link rel=\"canonical\" href=\"https:\/\/beautyplus.life\/index.php\/produit\/nettoyant-anti-bacterien\/\" \/>\n<meta property=\"og:locale\" content=\"fr_FR\" \/>\n<meta property=\"og:type\" content=\"article\" \/>\n<meta property=\"og:title\" content=\"Nettoyant anti-Bact\u00e9rien\" \/>\n<meta property=\"og:description\" content=\"Ce gel nettoyant contient du triclosan ce qui permet de contr\u00f4ler l&#039;action de l&#039;acn\u00e9 et l&#039;inflammation des follicules pileux . il permet de d\u00e9sinfection des follicules pileux.\" \/>\n<meta property=\"og:url\" content=\"https:\/\/beautyplus.life\/index.php\/produit\/nettoyant-anti-bacterien\/\" \/>\n<meta property=\"og:site_name\" content=\"Beauty Plus\" \/>\n<meta property=\"article:modified_time\" content=\"2024-11-27T18:40:22+00:00\" \/>\n<meta property=\"og:image\" content=\"https:\/\/beautyplus.life\/wp-content\/uploads\/2024\/07\/optIMG_2105.jpg\" \/>\n\t<meta property=\"og:image:width\" content=\"1000\" \/>\n\t<meta property=\"og:image:height\" content=\"1000\" \/>\n\t<meta property=\"og:image:type\" content=\"image\/jpeg\" \/>\n<meta name=\"twitter:card\" content=\"summary_large_image\" \/>\n<meta name=\"twitter:label1\" content=\"Dur\u00e9e de lecture estim\u00e9e\" \/>\n\t<meta name=\"twitter:data1\" content=\"1 minute\" \/>\n<script type=\"application\/ld+json\" class=\"yoast-schema-graph\">{\"@context\":\"https:\/\/schema.org\",\"@graph\":[{\"@type\":\"WebPage\",\"@id\":\"https:\/\/beautyplus.life\/index.php\/produit\/nettoyant-anti-bacterien\/\",\"url\":\"https:\/\/beautyplus.life\/index.php\/produit\/nettoyant-anti-bacterien\/\",\"name\":\"Nettoyant anti-Bact\u00e9rien - Beauty Plus\",\"isPartOf\":{\"@id\":\"https:\/\/beautyplus.life\/#website\"},\"primaryImageOfPage\":{\"@id\":\"https:\/\/beautyplus.life\/index.php\/produit\/nettoyant-anti-bacterien\/#primaryimage\"},\"image\":{\"@id\":\"https:\/\/beautyplus.life\/index.php\/produit\/nettoyant-anti-bacterien\/#primaryimage\"},\"thumbnailUrl\":\"https:\/\/beautyplus.life\/wp-content\/uploads\/2024\/07\/optIMG_2105.jpg\",\"datePublished\":\"2024-07-22T18:31:38+00:00\",\"dateModified\":\"2024-11-27T18:40:22+00:00\",\"breadcrumb\":{\"@id\":\"https:\/\/beautyplus.life\/index.php\/produit\/nettoyant-anti-bacterien\/#breadcrumb\"},\"inLanguage\":\"fr-FR\",\"potentialAction\":[{\"@type\":\"ReadAction\",\"target\":[\"https:\/\/beautyplus.life\/index.php\/produit\/nettoyant-anti-bacterien\/\"]}]},{\"@type\":\"ImageObject\",\"inLanguage\":\"fr-FR\",\"@id\":\"https:\/\/beautyplus.life\/index.php\/produit\/nettoyant-anti-bacterien\/#primaryimage\",\"url\":\"https:\/\/beautyplus.life\/wp-content\/uploads\/2024\/07\/optIMG_2105.jpg\",\"contentUrl\":\"https:\/\/beautyplus.life\/wp-content\/uploads\/2024\/07\/optIMG_2105.jpg\",\"width\":1000,\"height\":1000},{\"@type\":\"BreadcrumbList\",\"@id\":\"https:\/\/beautyplus.life\/index.php\/produit\/nettoyant-anti-bacterien\/#breadcrumb\",\"itemListElement\":[{\"@type\":\"ListItem\",\"position\":1,\"name\":\"Home\",\"item\":\"https:\/\/beautyplus.life\/\"},{\"@type\":\"ListItem\",\"position\":2,\"name\":\"Boutique\",\"item\":\"https:\/\/beautyplus.life\/index.php\/boutique\/\"},{\"@type\":\"ListItem\",\"position\":3,\"name\":\"Nettoyant anti-Bact\u00e9rien\"}]},{\"@type\":\"WebSite\",\"@id\":\"https:\/\/beautyplus.life\/#website\",\"url\":\"https:\/\/beautyplus.life\/\",\"name\":\"Beauty Plus\",\"description\":\"Sp\u00e9cialiste soin et beaut\u00e9\",\"publisher\":{\"@id\":\"https:\/\/beautyplus.life\/#organization\"},\"potentialAction\":[{\"@type\":\"SearchAction\",\"target\":{\"@type\":\"EntryPoint\",\"urlTemplate\":\"https:\/\/beautyplus.life\/?s={search_term_string}\"},\"query-input\":{\"@type\":\"PropertyValueSpecification\",\"valueRequired\":true,\"valueName\":\"search_term_string\"}}],\"inLanguage\":\"fr-FR\"},{\"@type\":\"Organization\",\"@id\":\"https:\/\/beautyplus.life\/#organization\",\"name\":\"Beauty Plus\",\"url\":\"https:\/\/beautyplus.life\/\",\"logo\":{\"@type\":\"ImageObject\",\"inLanguage\":\"fr-FR\",\"@id\":\"https:\/\/beautyplus.life\/#\/schema\/logo\/image\/\",\"url\":\"https:\/\/beautyplus.life\/wp-content\/uploads\/2021\/08\/BPlus_logo_assets.svg\",\"contentUrl\":\"https:\/\/beautyplus.life\/wp-content\/uploads\/2021\/08\/BPlus_logo_assets.svg\",\"width\":328.19,\"height\":150.99,\"caption\":\"Beauty Plus\"},\"image\":{\"@id\":\"https:\/\/beautyplus.life\/#\/schema\/logo\/image\/\"}}]}<\/script>\n<!-- \/ Yoast SEO Premium plugin. -->","yoast_head_json":{"title":"Nettoyant anti-Bact\u00e9rien - Beauty Plus","robots":{"index":"index","follow":"follow","max-snippet":"max-snippet:-1","max-image-preview":"max-image-preview:large","max-video-preview":"max-video-preview:-1"},"canonical":"https:\/\/beautyplus.life\/index.php\/produit\/nettoyant-anti-bacterien\/","og_locale":"fr_FR","og_type":"article","og_title":"Nettoyant anti-Bact\u00e9rien","og_description":"Ce gel nettoyant contient du triclosan ce qui permet de contr\u00f4ler l'action de l'acn\u00e9 et l'inflammation des follicules pileux . il permet de d\u00e9sinfection des follicules pileux.","og_url":"https:\/\/beautyplus.life\/index.php\/produit\/nettoyant-anti-bacterien\/","og_site_name":"Beauty Plus","article_modified_time":"2024-11-27T18:40:22+00:00","og_image":[{"width":1000,"height":1000,"url":"https:\/\/beautyplus.life\/wp-content\/uploads\/2024\/07\/optIMG_2105.jpg","type":"image\/jpeg"}],"twitter_card":"summary_large_image","twitter_misc":{"Dur\u00e9e de lecture estim\u00e9e":"1 minute"},"schema":{"@context":"https:\/\/schema.org","@graph":[{"@type":"WebPage","@id":"https:\/\/beautyplus.life\/index.php\/produit\/nettoyant-anti-bacterien\/","url":"https:\/\/beautyplus.life\/index.php\/produit\/nettoyant-anti-bacterien\/","name":"Nettoyant anti-Bact\u00e9rien - Beauty Plus","isPartOf":{"@id":"https:\/\/beautyplus.life\/#website"},"primaryImageOfPage":{"@id":"https:\/\/beautyplus.life\/index.php\/produit\/nettoyant-anti-bacterien\/#primaryimage"},"image":{"@id":"https:\/\/beautyplus.life\/index.php\/produit\/nettoyant-anti-bacterien\/#primaryimage"},"thumbnailUrl":"https:\/\/beautyplus.life\/wp-content\/uploads\/2024\/07\/optIMG_2105.jpg","datePublished":"2024-07-22T18:31:38+00:00","dateModified":"2024-11-27T18:40:22+00:00","breadcrumb":{"@id":"https:\/\/beautyplus.life\/index.php\/produit\/nettoyant-anti-bacterien\/#breadcrumb"},"inLanguage":"fr-FR","potentialAction":[{"@type":"ReadAction","target":["https:\/\/beautyplus.life\/index.php\/produit\/nettoyant-anti-bacterien\/"]}]},{"@type":"ImageObject","inLanguage":"fr-FR","@id":"https:\/\/beautyplus.life\/index.php\/produit\/nettoyant-anti-bacterien\/#primaryimage","url":"https:\/\/beautyplus.life\/wp-content\/uploads\/2024\/07\/optIMG_2105.jpg","contentUrl":"https:\/\/beautyplus.life\/wp-content\/uploads\/2024\/07\/optIMG_2105.jpg","width":1000,"height":1000},{"@type":"BreadcrumbList","@id":"https:\/\/beautyplus.life\/index.php\/produit\/nettoyant-anti-bacterien\/#breadcrumb","itemListElement":[{"@type":"ListItem","position":1,"name":"Home","item":"https:\/\/beautyplus.life\/"},{"@type":"ListItem","position":2,"name":"Boutique","item":"https:\/\/beautyplus.life\/index.php\/boutique\/"},{"@type":"ListItem","position":3,"name":"Nettoyant anti-Bact\u00e9rien"}]},{"@type":"WebSite","@id":"https:\/\/beautyplus.life\/#website","url":"https:\/\/beautyplus.life\/","name":"Beauty Plus","description":"Sp\u00e9cialiste soin et beaut\u00e9","publisher":{"@id":"https:\/\/beautyplus.life\/#organization"},"potentialAction":[{"@type":"SearchAction","target":{"@type":"EntryPoint","urlTemplate":"https:\/\/beautyplus.life\/?s={search_term_string}"},"query-input":{"@type":"PropertyValueSpecification","valueRequired":true,"valueName":"search_term_string"}}],"inLanguage":"fr-FR"},{"@type":"Organization","@id":"https:\/\/beautyplus.life\/#organization","name":"Beauty Plus","url":"https:\/\/beautyplus.life\/","logo":{"@type":"ImageObject","inLanguage":"fr-FR","@id":"https:\/\/beautyplus.life\/#\/schema\/logo\/image\/","url":"https:\/\/beautyplus.life\/wp-content\/uploads\/2021\/08\/BPlus_logo_assets.svg","contentUrl":"https:\/\/beautyplus.life\/wp-content\/uploads\/2021\/08\/BPlus_logo_assets.svg","width":328.19,"height":150.99,"caption":"Beauty Plus"},"image":{"@id":"https:\/\/beautyplus.life\/#\/schema\/logo\/image\/"}}]}},"_links":{"self":[{"href":"https:\/\/beautyplus.life\/index.php\/wp-json\/wp\/v2\/product\/2689","targetHints":{"allow":["GET"]}}],"collection":[{"href":"https:\/\/beautyplus.life\/index.php\/wp-json\/wp\/v2\/product"}],"about":[{"href":"https:\/\/beautyplus.life\/index.php\/wp-json\/wp\/v2\/types\/product"}],"wp:featuredmedia":[{"embeddable":true,"href":"https:\/\/beautyplus.life\/index.php\/wp-json\/wp\/v2\/media\/2850"}],"wp:attachment":[{"href":"https:\/\/beautyplus.life\/index.php\/wp-json\/wp\/v2\/media?parent=2689"}],"wp:term":[{"taxonomy":"product_brand","embeddable":true,"href":"https:\/\/beautyplus.life\/index.php\/wp-json\/wp\/v2\/product_brand?post=2689"},{"taxonomy":"product_cat","embeddable":true,"href":"https:\/\/beautyplus.life\/index.php\/wp-json\/wp\/v2\/product_cat?post=2689"},{"taxonomy":"product_tag","embeddable":true,"href":"https:\/\/beautyplus.life\/index.php\/wp-json\/wp\/v2\/product_tag?post=2689"}],"curies":[{"name":"wp","href":"https:\/\/api.w.org\/{rel}","templated":true}]}}