{"id":2691,"date":"2024-07-22T14:39:56","date_gmt":"2024-07-22T18:39:56","guid":{"rendered":"https:\/\/beautyplus.life\/?post_type=product&#038;p=2691"},"modified":"2024-12-12T08:20:44","modified_gmt":"2024-12-12T12:20:44","slug":"ccb-creme","status":"publish","type":"product","link":"https:\/\/beautyplus.life\/index.php\/produit\/ccb-creme\/","title":{"rendered":"CCB Cr\u00e8me"},"content":{"rendered":"<p>Notre cr\u00e8me convient parfaitement \u00e0 tous les types de peau et offre une protection compl\u00e8te contre les rayons solaires nocifs tout en dissimulant efficacement les imperfections de votre peau. Avec notre cr\u00e8me, vous avez l&rsquo;assurance que votre peau est prot\u00e9g\u00e9e des dommages caus\u00e9s par le soleil et vous pouvez sortir en toute confiance, sachant que toutes les imperfections sont bien cach\u00e9es.<\/p>\n<p><strong>Ingr\u00e9dients<\/strong><br \/>\noxide de zinc glycerine niacinamide<\/p>\n","protected":false},"excerpt":{"rendered":"<p>Notre cr\u00e8me convient parfaitement \u00e0 tous les types de peau et offre une protection compl\u00e8te contre les rayons solaires nocifs tout en dissimulant efficacement les imperfections de votre peau. Avec notre cr\u00e8me, vous avez l&rsquo;assurance que votre peau est prot\u00e9g\u00e9e des dommages caus\u00e9s par le soleil et vous pouvez sortir en toute confiance, sachant que toutes les imperfections sont bien cach\u00e9es.<\/p>\n","protected":false},"featured_media":2692,"template":"","meta":[],"product_brand":[40],"product_cat":[42,34],"product_tag":[53],"class_list":{"0":"post-2691","1":"product","2":"type-product","3":"status-publish","4":"has-post-thumbnail","6":"product_brand-dmcell","7":"product_cat-creme","8":"product_cat-visage","9":"product_tag-tous-les-soins","11":"first","12":"instock","13":"taxable","14":"shipping-taxable","15":"purchasable","16":"product-type-simple"},"yoast_head":"<!-- This site is optimized with the Yoast SEO Premium plugin v23.4 (Yoast SEO v23.9) - https:\/\/yoast.com\/wordpress\/plugins\/seo\/ -->\n<title>CCB Cr\u00e8me - Beauty Plus<\/title>\n<meta name=\"robots\" content=\"index, follow, max-snippet:-1, max-image-preview:large, max-video-preview:-1\" \/>\n<link rel=\"canonical\" href=\"https:\/\/beautyplus.life\/index.php\/produit\/ccb-creme\/\" \/>\n<meta property=\"og:locale\" content=\"fr_FR\" \/>\n<meta property=\"og:type\" content=\"article\" \/>\n<meta property=\"og:title\" content=\"CCB Cr\u00e8me\" \/>\n<meta property=\"og:description\" content=\"Notre cr\u00e8me convient parfaitement \u00e0 tous les types de peau et offre une protection compl\u00e8te contre les rayons solaires nocifs tout en dissimulant efficacement les imperfections de votre peau. Avec notre cr\u00e8me, vous avez l&#039;assurance que votre peau est prot\u00e9g\u00e9e des dommages caus\u00e9s par le soleil et vous pouvez sortir en toute confiance, sachant que toutes les imperfections sont bien cach\u00e9es.\" \/>\n<meta property=\"og:url\" content=\"https:\/\/beautyplus.life\/index.php\/produit\/ccb-creme\/\" \/>\n<meta property=\"og:site_name\" content=\"Beauty Plus\" \/>\n<meta property=\"article:modified_time\" content=\"2024-12-12T12:20:44+00:00\" \/>\n<meta property=\"og:image\" content=\"https:\/\/beautyplus.life\/wp-content\/uploads\/2024\/07\/ef7954dff9375.png\" \/>\n\t<meta property=\"og:image:width\" content=\"600\" \/>\n\t<meta property=\"og:image:height\" content=\"600\" \/>\n\t<meta property=\"og:image:type\" content=\"image\/png\" \/>\n<meta name=\"twitter:card\" content=\"summary_large_image\" \/>\n<meta name=\"twitter:label1\" content=\"Dur\u00e9e de lecture estim\u00e9e\" \/>\n\t<meta name=\"twitter:data1\" content=\"1 minute\" \/>\n<script type=\"application\/ld+json\" class=\"yoast-schema-graph\">{\"@context\":\"https:\/\/schema.org\",\"@graph\":[{\"@type\":\"WebPage\",\"@id\":\"https:\/\/beautyplus.life\/index.php\/produit\/ccb-creme\/\",\"url\":\"https:\/\/beautyplus.life\/index.php\/produit\/ccb-creme\/\",\"name\":\"CCB Cr\u00e8me - Beauty Plus\",\"isPartOf\":{\"@id\":\"https:\/\/beautyplus.life\/#website\"},\"primaryImageOfPage\":{\"@id\":\"https:\/\/beautyplus.life\/index.php\/produit\/ccb-creme\/#primaryimage\"},\"image\":{\"@id\":\"https:\/\/beautyplus.life\/index.php\/produit\/ccb-creme\/#primaryimage\"},\"thumbnailUrl\":\"https:\/\/beautyplus.life\/wp-content\/uploads\/2024\/07\/ef7954dff9375.png\",\"datePublished\":\"2024-07-22T18:39:56+00:00\",\"dateModified\":\"2024-12-12T12:20:44+00:00\",\"breadcrumb\":{\"@id\":\"https:\/\/beautyplus.life\/index.php\/produit\/ccb-creme\/#breadcrumb\"},\"inLanguage\":\"fr-FR\",\"potentialAction\":[{\"@type\":\"ReadAction\",\"target\":[\"https:\/\/beautyplus.life\/index.php\/produit\/ccb-creme\/\"]}]},{\"@type\":\"ImageObject\",\"inLanguage\":\"fr-FR\",\"@id\":\"https:\/\/beautyplus.life\/index.php\/produit\/ccb-creme\/#primaryimage\",\"url\":\"https:\/\/beautyplus.life\/wp-content\/uploads\/2024\/07\/ef7954dff9375.png\",\"contentUrl\":\"https:\/\/beautyplus.life\/wp-content\/uploads\/2024\/07\/ef7954dff9375.png\",\"width\":600,\"height\":600},{\"@type\":\"BreadcrumbList\",\"@id\":\"https:\/\/beautyplus.life\/index.php\/produit\/ccb-creme\/#breadcrumb\",\"itemListElement\":[{\"@type\":\"ListItem\",\"position\":1,\"name\":\"Home\",\"item\":\"https:\/\/beautyplus.life\/\"},{\"@type\":\"ListItem\",\"position\":2,\"name\":\"Boutique\",\"item\":\"https:\/\/beautyplus.life\/index.php\/boutique\/\"},{\"@type\":\"ListItem\",\"position\":3,\"name\":\"CCB Cr\u00e8me\"}]},{\"@type\":\"WebSite\",\"@id\":\"https:\/\/beautyplus.life\/#website\",\"url\":\"https:\/\/beautyplus.life\/\",\"name\":\"Beauty Plus\",\"description\":\"Sp\u00e9cialiste soin et beaut\u00e9\",\"publisher\":{\"@id\":\"https:\/\/beautyplus.life\/#organization\"},\"potentialAction\":[{\"@type\":\"SearchAction\",\"target\":{\"@type\":\"EntryPoint\",\"urlTemplate\":\"https:\/\/beautyplus.life\/?s={search_term_string}\"},\"query-input\":{\"@type\":\"PropertyValueSpecification\",\"valueRequired\":true,\"valueName\":\"search_term_string\"}}],\"inLanguage\":\"fr-FR\"},{\"@type\":\"Organization\",\"@id\":\"https:\/\/beautyplus.life\/#organization\",\"name\":\"Beauty Plus\",\"url\":\"https:\/\/beautyplus.life\/\",\"logo\":{\"@type\":\"ImageObject\",\"inLanguage\":\"fr-FR\",\"@id\":\"https:\/\/beautyplus.life\/#\/schema\/logo\/image\/\",\"url\":\"https:\/\/beautyplus.life\/wp-content\/uploads\/2021\/08\/BPlus_logo_assets.svg\",\"contentUrl\":\"https:\/\/beautyplus.life\/wp-content\/uploads\/2021\/08\/BPlus_logo_assets.svg\",\"width\":328.19,\"height\":150.99,\"caption\":\"Beauty Plus\"},\"image\":{\"@id\":\"https:\/\/beautyplus.life\/#\/schema\/logo\/image\/\"}}]}<\/script>\n<!-- \/ Yoast SEO Premium plugin. -->","yoast_head_json":{"title":"CCB Cr\u00e8me - Beauty Plus","robots":{"index":"index","follow":"follow","max-snippet":"max-snippet:-1","max-image-preview":"max-image-preview:large","max-video-preview":"max-video-preview:-1"},"canonical":"https:\/\/beautyplus.life\/index.php\/produit\/ccb-creme\/","og_locale":"fr_FR","og_type":"article","og_title":"CCB Cr\u00e8me","og_description":"Notre cr\u00e8me convient parfaitement \u00e0 tous les types de peau et offre une protection compl\u00e8te contre les rayons solaires nocifs tout en dissimulant efficacement les imperfections de votre peau. Avec notre cr\u00e8me, vous avez l'assurance que votre peau est prot\u00e9g\u00e9e des dommages caus\u00e9s par le soleil et vous pouvez sortir en toute confiance, sachant que toutes les imperfections sont bien cach\u00e9es.","og_url":"https:\/\/beautyplus.life\/index.php\/produit\/ccb-creme\/","og_site_name":"Beauty Plus","article_modified_time":"2024-12-12T12:20:44+00:00","og_image":[{"width":600,"height":600,"url":"https:\/\/beautyplus.life\/wp-content\/uploads\/2024\/07\/ef7954dff9375.png","type":"image\/png"}],"twitter_card":"summary_large_image","twitter_misc":{"Dur\u00e9e de lecture estim\u00e9e":"1 minute"},"schema":{"@context":"https:\/\/schema.org","@graph":[{"@type":"WebPage","@id":"https:\/\/beautyplus.life\/index.php\/produit\/ccb-creme\/","url":"https:\/\/beautyplus.life\/index.php\/produit\/ccb-creme\/","name":"CCB Cr\u00e8me - Beauty Plus","isPartOf":{"@id":"https:\/\/beautyplus.life\/#website"},"primaryImageOfPage":{"@id":"https:\/\/beautyplus.life\/index.php\/produit\/ccb-creme\/#primaryimage"},"image":{"@id":"https:\/\/beautyplus.life\/index.php\/produit\/ccb-creme\/#primaryimage"},"thumbnailUrl":"https:\/\/beautyplus.life\/wp-content\/uploads\/2024\/07\/ef7954dff9375.png","datePublished":"2024-07-22T18:39:56+00:00","dateModified":"2024-12-12T12:20:44+00:00","breadcrumb":{"@id":"https:\/\/beautyplus.life\/index.php\/produit\/ccb-creme\/#breadcrumb"},"inLanguage":"fr-FR","potentialAction":[{"@type":"ReadAction","target":["https:\/\/beautyplus.life\/index.php\/produit\/ccb-creme\/"]}]},{"@type":"ImageObject","inLanguage":"fr-FR","@id":"https:\/\/beautyplus.life\/index.php\/produit\/ccb-creme\/#primaryimage","url":"https:\/\/beautyplus.life\/wp-content\/uploads\/2024\/07\/ef7954dff9375.png","contentUrl":"https:\/\/beautyplus.life\/wp-content\/uploads\/2024\/07\/ef7954dff9375.png","width":600,"height":600},{"@type":"BreadcrumbList","@id":"https:\/\/beautyplus.life\/index.php\/produit\/ccb-creme\/#breadcrumb","itemListElement":[{"@type":"ListItem","position":1,"name":"Home","item":"https:\/\/beautyplus.life\/"},{"@type":"ListItem","position":2,"name":"Boutique","item":"https:\/\/beautyplus.life\/index.php\/boutique\/"},{"@type":"ListItem","position":3,"name":"CCB Cr\u00e8me"}]},{"@type":"WebSite","@id":"https:\/\/beautyplus.life\/#website","url":"https:\/\/beautyplus.life\/","name":"Beauty Plus","description":"Sp\u00e9cialiste soin et beaut\u00e9","publisher":{"@id":"https:\/\/beautyplus.life\/#organization"},"potentialAction":[{"@type":"SearchAction","target":{"@type":"EntryPoint","urlTemplate":"https:\/\/beautyplus.life\/?s={search_term_string}"},"query-input":{"@type":"PropertyValueSpecification","valueRequired":true,"valueName":"search_term_string"}}],"inLanguage":"fr-FR"},{"@type":"Organization","@id":"https:\/\/beautyplus.life\/#organization","name":"Beauty Plus","url":"https:\/\/beautyplus.life\/","logo":{"@type":"ImageObject","inLanguage":"fr-FR","@id":"https:\/\/beautyplus.life\/#\/schema\/logo\/image\/","url":"https:\/\/beautyplus.life\/wp-content\/uploads\/2021\/08\/BPlus_logo_assets.svg","contentUrl":"https:\/\/beautyplus.life\/wp-content\/uploads\/2021\/08\/BPlus_logo_assets.svg","width":328.19,"height":150.99,"caption":"Beauty Plus"},"image":{"@id":"https:\/\/beautyplus.life\/#\/schema\/logo\/image\/"}}]}},"_links":{"self":[{"href":"https:\/\/beautyplus.life\/index.php\/wp-json\/wp\/v2\/product\/2691","targetHints":{"allow":["GET"]}}],"collection":[{"href":"https:\/\/beautyplus.life\/index.php\/wp-json\/wp\/v2\/product"}],"about":[{"href":"https:\/\/beautyplus.life\/index.php\/wp-json\/wp\/v2\/types\/product"}],"wp:featuredmedia":[{"embeddable":true,"href":"https:\/\/beautyplus.life\/index.php\/wp-json\/wp\/v2\/media\/2692"}],"wp:attachment":[{"href":"https:\/\/beautyplus.life\/index.php\/wp-json\/wp\/v2\/media?parent=2691"}],"wp:term":[{"taxonomy":"product_brand","embeddable":true,"href":"https:\/\/beautyplus.life\/index.php\/wp-json\/wp\/v2\/product_brand?post=2691"},{"taxonomy":"product_cat","embeddable":true,"href":"https:\/\/beautyplus.life\/index.php\/wp-json\/wp\/v2\/product_cat?post=2691"},{"taxonomy":"product_tag","embeddable":true,"href":"https:\/\/beautyplus.life\/index.php\/wp-json\/wp\/v2\/product_tag?post=2691"}],"curies":[{"name":"wp","href":"https:\/\/api.w.org\/{rel}","templated":true}]}}