{"id":2693,"date":"2024-07-22T14:44:34","date_gmt":"2024-07-22T18:44:34","guid":{"rendered":"https:\/\/beautyplus.life\/?post_type=product&#038;p=2693"},"modified":"2024-12-12T08:52:31","modified_gmt":"2024-12-12T12:52:31","slug":"masque-bnp","status":"publish","type":"product","link":"https:\/\/beautyplus.life\/index.php\/produit\/masque-bnp\/","title":{"rendered":"Masque BNP"},"content":{"rendered":"<p>D\u00e9couvrez les bienfaits de notre masque en tissu de cellulose haute densit\u00e9, infus\u00e9 de nano-prot\u00e9ines aux effets immunitaires, anti-oxydants et d\u00e9sinfectants. Soulagez rapidement votre peau irrit\u00e9e, tout en favorisant les effets antirides et l&rsquo;activation vitale de votre peau. Notre technologie des nano-peptides contribue \u00e0 la d\u00e9sintoxication de l&rsquo;\u00e9piderme, donnant \u00e0 votre peau une sensation de rajeunissement et de fra\u00eecheur. Essayez notre masque d\u00e8s aujourd&rsquo;hui pour une exp\u00e9rience de soin revitalisante.<\/p>\n<p><strong>Ingr\u00e9dients<\/strong><br \/>\neau de rose ,bio-nano proteine, acide hyaluronic<\/p>\n","protected":false},"excerpt":{"rendered":"<p>D\u00e9couvrez les bienfaits de notre masque en tissu de cellulose haute densit\u00e9, infus\u00e9 de nano-prot\u00e9ines aux effets immunitaires, anti-oxydants et d\u00e9sinfectants. Soulagez rapidement votre peau irrit\u00e9e, tout en favorisant les effets antirides et l&rsquo;activation vitale de votre peau. Notre technologie des nano-peptides contribue \u00e0 la d\u00e9sintoxication de l&rsquo;\u00e9piderme, donnant \u00e0 votre peau une sensation de rajeunissement et de fra\u00eecheur. Essayez notre masque d\u00e8s aujourd&rsquo;hui pour une exp\u00e9rience de soin revitalisante.<\/p>\n","protected":false},"featured_media":2694,"template":"","meta":[],"product_brand":[40],"product_cat":[43,34],"product_tag":[54,51,50],"class_list":{"0":"post-2693","1":"product","2":"type-product","3":"status-publish","4":"has-post-thumbnail","6":"product_brand-dmcell","7":"product_cat-masque","8":"product_cat-visage","9":"product_tag-bb-glow","10":"product_tag-coolclear","11":"product_tag-coolifting","13":"first","14":"instock","15":"taxable","16":"shipping-taxable","17":"purchasable","18":"product-type-simple"},"yoast_head":"<!-- This site is optimized with the Yoast SEO Premium plugin v23.4 (Yoast SEO v23.9) - https:\/\/yoast.com\/wordpress\/plugins\/seo\/ -->\n<title>Masque BNP - Beauty Plus<\/title>\n<meta name=\"robots\" content=\"index, follow, max-snippet:-1, max-image-preview:large, max-video-preview:-1\" \/>\n<link rel=\"canonical\" href=\"https:\/\/beautyplus.life\/index.php\/produit\/masque-bnp\/\" \/>\n<meta property=\"og:locale\" content=\"fr_FR\" \/>\n<meta property=\"og:type\" content=\"article\" \/>\n<meta property=\"og:title\" content=\"Masque BNP\" \/>\n<meta property=\"og:description\" content=\"D\u00e9couvrez les bienfaits de notre masque en tissu de cellulose haute densit\u00e9, infus\u00e9 de nano-prot\u00e9ines aux effets immunitaires, anti-oxydants et d\u00e9sinfectants. Soulagez rapidement votre peau irrit\u00e9e, tout en favorisant les effets antirides et l&#039;activation vitale de votre peau. Notre technologie des nano-peptides contribue \u00e0 la d\u00e9sintoxication de l&#039;\u00e9piderme, donnant \u00e0 votre peau une sensation de rajeunissement et de fra\u00eecheur. Essayez notre masque d\u00e8s aujourd&#039;hui pour une exp\u00e9rience de soin revitalisante.\" \/>\n<meta property=\"og:url\" content=\"https:\/\/beautyplus.life\/index.php\/produit\/masque-bnp\/\" \/>\n<meta property=\"og:site_name\" content=\"Beauty Plus\" \/>\n<meta property=\"article:modified_time\" content=\"2024-12-12T12:52:31+00:00\" \/>\n<meta property=\"og:image\" content=\"https:\/\/beautyplus.life\/wp-content\/uploads\/2024\/07\/0d4841607b0b1.jpg\" \/>\n\t<meta property=\"og:image:width\" content=\"750\" \/>\n\t<meta property=\"og:image:height\" content=\"750\" \/>\n\t<meta property=\"og:image:type\" content=\"image\/jpeg\" \/>\n<meta name=\"twitter:card\" content=\"summary_large_image\" \/>\n<meta name=\"twitter:label1\" content=\"Dur\u00e9e de lecture estim\u00e9e\" \/>\n\t<meta name=\"twitter:data1\" content=\"1 minute\" \/>\n<script type=\"application\/ld+json\" class=\"yoast-schema-graph\">{\"@context\":\"https:\/\/schema.org\",\"@graph\":[{\"@type\":\"WebPage\",\"@id\":\"https:\/\/beautyplus.life\/index.php\/produit\/masque-bnp\/\",\"url\":\"https:\/\/beautyplus.life\/index.php\/produit\/masque-bnp\/\",\"name\":\"Masque BNP - Beauty Plus\",\"isPartOf\":{\"@id\":\"https:\/\/beautyplus.life\/#website\"},\"primaryImageOfPage\":{\"@id\":\"https:\/\/beautyplus.life\/index.php\/produit\/masque-bnp\/#primaryimage\"},\"image\":{\"@id\":\"https:\/\/beautyplus.life\/index.php\/produit\/masque-bnp\/#primaryimage\"},\"thumbnailUrl\":\"https:\/\/beautyplus.life\/wp-content\/uploads\/2024\/07\/0d4841607b0b1.jpg\",\"datePublished\":\"2024-07-22T18:44:34+00:00\",\"dateModified\":\"2024-12-12T12:52:31+00:00\",\"breadcrumb\":{\"@id\":\"https:\/\/beautyplus.life\/index.php\/produit\/masque-bnp\/#breadcrumb\"},\"inLanguage\":\"fr-FR\",\"potentialAction\":[{\"@type\":\"ReadAction\",\"target\":[\"https:\/\/beautyplus.life\/index.php\/produit\/masque-bnp\/\"]}]},{\"@type\":\"ImageObject\",\"inLanguage\":\"fr-FR\",\"@id\":\"https:\/\/beautyplus.life\/index.php\/produit\/masque-bnp\/#primaryimage\",\"url\":\"https:\/\/beautyplus.life\/wp-content\/uploads\/2024\/07\/0d4841607b0b1.jpg\",\"contentUrl\":\"https:\/\/beautyplus.life\/wp-content\/uploads\/2024\/07\/0d4841607b0b1.jpg\",\"width\":750,\"height\":750},{\"@type\":\"BreadcrumbList\",\"@id\":\"https:\/\/beautyplus.life\/index.php\/produit\/masque-bnp\/#breadcrumb\",\"itemListElement\":[{\"@type\":\"ListItem\",\"position\":1,\"name\":\"Home\",\"item\":\"https:\/\/beautyplus.life\/\"},{\"@type\":\"ListItem\",\"position\":2,\"name\":\"Boutique\",\"item\":\"https:\/\/beautyplus.life\/index.php\/boutique\/\"},{\"@type\":\"ListItem\",\"position\":3,\"name\":\"Masque BNP\"}]},{\"@type\":\"WebSite\",\"@id\":\"https:\/\/beautyplus.life\/#website\",\"url\":\"https:\/\/beautyplus.life\/\",\"name\":\"Beauty Plus\",\"description\":\"Sp\u00e9cialiste soin et beaut\u00e9\",\"publisher\":{\"@id\":\"https:\/\/beautyplus.life\/#organization\"},\"potentialAction\":[{\"@type\":\"SearchAction\",\"target\":{\"@type\":\"EntryPoint\",\"urlTemplate\":\"https:\/\/beautyplus.life\/?s={search_term_string}\"},\"query-input\":{\"@type\":\"PropertyValueSpecification\",\"valueRequired\":true,\"valueName\":\"search_term_string\"}}],\"inLanguage\":\"fr-FR\"},{\"@type\":\"Organization\",\"@id\":\"https:\/\/beautyplus.life\/#organization\",\"name\":\"Beauty Plus\",\"url\":\"https:\/\/beautyplus.life\/\",\"logo\":{\"@type\":\"ImageObject\",\"inLanguage\":\"fr-FR\",\"@id\":\"https:\/\/beautyplus.life\/#\/schema\/logo\/image\/\",\"url\":\"https:\/\/beautyplus.life\/wp-content\/uploads\/2021\/08\/BPlus_logo_assets.svg\",\"contentUrl\":\"https:\/\/beautyplus.life\/wp-content\/uploads\/2021\/08\/BPlus_logo_assets.svg\",\"width\":328.19,\"height\":150.99,\"caption\":\"Beauty Plus\"},\"image\":{\"@id\":\"https:\/\/beautyplus.life\/#\/schema\/logo\/image\/\"}}]}<\/script>\n<!-- \/ Yoast SEO Premium plugin. -->","yoast_head_json":{"title":"Masque BNP - Beauty Plus","robots":{"index":"index","follow":"follow","max-snippet":"max-snippet:-1","max-image-preview":"max-image-preview:large","max-video-preview":"max-video-preview:-1"},"canonical":"https:\/\/beautyplus.life\/index.php\/produit\/masque-bnp\/","og_locale":"fr_FR","og_type":"article","og_title":"Masque BNP","og_description":"D\u00e9couvrez les bienfaits de notre masque en tissu de cellulose haute densit\u00e9, infus\u00e9 de nano-prot\u00e9ines aux effets immunitaires, anti-oxydants et d\u00e9sinfectants. Soulagez rapidement votre peau irrit\u00e9e, tout en favorisant les effets antirides et l'activation vitale de votre peau. Notre technologie des nano-peptides contribue \u00e0 la d\u00e9sintoxication de l'\u00e9piderme, donnant \u00e0 votre peau une sensation de rajeunissement et de fra\u00eecheur. Essayez notre masque d\u00e8s aujourd'hui pour une exp\u00e9rience de soin revitalisante.","og_url":"https:\/\/beautyplus.life\/index.php\/produit\/masque-bnp\/","og_site_name":"Beauty Plus","article_modified_time":"2024-12-12T12:52:31+00:00","og_image":[{"width":750,"height":750,"url":"https:\/\/beautyplus.life\/wp-content\/uploads\/2024\/07\/0d4841607b0b1.jpg","type":"image\/jpeg"}],"twitter_card":"summary_large_image","twitter_misc":{"Dur\u00e9e de lecture estim\u00e9e":"1 minute"},"schema":{"@context":"https:\/\/schema.org","@graph":[{"@type":"WebPage","@id":"https:\/\/beautyplus.life\/index.php\/produit\/masque-bnp\/","url":"https:\/\/beautyplus.life\/index.php\/produit\/masque-bnp\/","name":"Masque BNP - Beauty Plus","isPartOf":{"@id":"https:\/\/beautyplus.life\/#website"},"primaryImageOfPage":{"@id":"https:\/\/beautyplus.life\/index.php\/produit\/masque-bnp\/#primaryimage"},"image":{"@id":"https:\/\/beautyplus.life\/index.php\/produit\/masque-bnp\/#primaryimage"},"thumbnailUrl":"https:\/\/beautyplus.life\/wp-content\/uploads\/2024\/07\/0d4841607b0b1.jpg","datePublished":"2024-07-22T18:44:34+00:00","dateModified":"2024-12-12T12:52:31+00:00","breadcrumb":{"@id":"https:\/\/beautyplus.life\/index.php\/produit\/masque-bnp\/#breadcrumb"},"inLanguage":"fr-FR","potentialAction":[{"@type":"ReadAction","target":["https:\/\/beautyplus.life\/index.php\/produit\/masque-bnp\/"]}]},{"@type":"ImageObject","inLanguage":"fr-FR","@id":"https:\/\/beautyplus.life\/index.php\/produit\/masque-bnp\/#primaryimage","url":"https:\/\/beautyplus.life\/wp-content\/uploads\/2024\/07\/0d4841607b0b1.jpg","contentUrl":"https:\/\/beautyplus.life\/wp-content\/uploads\/2024\/07\/0d4841607b0b1.jpg","width":750,"height":750},{"@type":"BreadcrumbList","@id":"https:\/\/beautyplus.life\/index.php\/produit\/masque-bnp\/#breadcrumb","itemListElement":[{"@type":"ListItem","position":1,"name":"Home","item":"https:\/\/beautyplus.life\/"},{"@type":"ListItem","position":2,"name":"Boutique","item":"https:\/\/beautyplus.life\/index.php\/boutique\/"},{"@type":"ListItem","position":3,"name":"Masque BNP"}]},{"@type":"WebSite","@id":"https:\/\/beautyplus.life\/#website","url":"https:\/\/beautyplus.life\/","name":"Beauty Plus","description":"Sp\u00e9cialiste soin et beaut\u00e9","publisher":{"@id":"https:\/\/beautyplus.life\/#organization"},"potentialAction":[{"@type":"SearchAction","target":{"@type":"EntryPoint","urlTemplate":"https:\/\/beautyplus.life\/?s={search_term_string}"},"query-input":{"@type":"PropertyValueSpecification","valueRequired":true,"valueName":"search_term_string"}}],"inLanguage":"fr-FR"},{"@type":"Organization","@id":"https:\/\/beautyplus.life\/#organization","name":"Beauty Plus","url":"https:\/\/beautyplus.life\/","logo":{"@type":"ImageObject","inLanguage":"fr-FR","@id":"https:\/\/beautyplus.life\/#\/schema\/logo\/image\/","url":"https:\/\/beautyplus.life\/wp-content\/uploads\/2021\/08\/BPlus_logo_assets.svg","contentUrl":"https:\/\/beautyplus.life\/wp-content\/uploads\/2021\/08\/BPlus_logo_assets.svg","width":328.19,"height":150.99,"caption":"Beauty Plus"},"image":{"@id":"https:\/\/beautyplus.life\/#\/schema\/logo\/image\/"}}]}},"_links":{"self":[{"href":"https:\/\/beautyplus.life\/index.php\/wp-json\/wp\/v2\/product\/2693","targetHints":{"allow":["GET"]}}],"collection":[{"href":"https:\/\/beautyplus.life\/index.php\/wp-json\/wp\/v2\/product"}],"about":[{"href":"https:\/\/beautyplus.life\/index.php\/wp-json\/wp\/v2\/types\/product"}],"wp:featuredmedia":[{"embeddable":true,"href":"https:\/\/beautyplus.life\/index.php\/wp-json\/wp\/v2\/media\/2694"}],"wp:attachment":[{"href":"https:\/\/beautyplus.life\/index.php\/wp-json\/wp\/v2\/media?parent=2693"}],"wp:term":[{"taxonomy":"product_brand","embeddable":true,"href":"https:\/\/beautyplus.life\/index.php\/wp-json\/wp\/v2\/product_brand?post=2693"},{"taxonomy":"product_cat","embeddable":true,"href":"https:\/\/beautyplus.life\/index.php\/wp-json\/wp\/v2\/product_cat?post=2693"},{"taxonomy":"product_tag","embeddable":true,"href":"https:\/\/beautyplus.life\/index.php\/wp-json\/wp\/v2\/product_tag?post=2693"}],"curies":[{"name":"wp","href":"https:\/\/api.w.org\/{rel}","templated":true}]}}