{"id":2695,"date":"2024-07-22T14:57:01","date_gmt":"2024-07-22T18:57:01","guid":{"rendered":"https:\/\/beautyplus.life\/?post_type=product&#038;p=2695"},"modified":"2024-12-12T08:52:54","modified_gmt":"2024-12-12T12:52:54","slug":"bb-glow","status":"publish","type":"product","link":"https:\/\/beautyplus.life\/index.php\/produit\/bb-glow\/","title":{"rendered":"BB Glow"},"content":{"rendered":"<p>Notre produit est sp\u00e9cialement formul\u00e9 pour vous donner un teint radieux et lumineux. Il fait des merveilles sur tous les types de peau, mais il est particuli\u00e8rement efficace sur les peaux pigment\u00e9es. Dites adieu au teint terne et in\u00e9gal gr\u00e2ce \u00e0 notre produit.<\/p>\n<p>5ml * 10 Pcs<\/p>\n","protected":false},"excerpt":{"rendered":"<p>Notre produit est sp\u00e9cialement formul\u00e9 pour vous donner un teint radieux et lumineux. Il fait des merveilles sur tous les types de peau, mais il est particuli\u00e8rement efficace sur les peaux pigment\u00e9es. Dites adieu au teint terne et in\u00e9gal gr\u00e2ce \u00e0 notre produit.<\/p>\n","protected":false},"featured_media":2696,"template":"","meta":[],"product_brand":[40],"product_cat":[41,34],"product_tag":[54],"class_list":{"0":"post-2695","1":"product","2":"type-product","3":"status-publish","4":"has-post-thumbnail","6":"product_brand-dmcell","7":"product_cat-serum","8":"product_cat-visage","9":"product_tag-bb-glow","11":"first","12":"instock","13":"taxable","14":"shipping-taxable","15":"purchasable","16":"product-type-simple"},"yoast_head":"<!-- This site is optimized with the Yoast SEO Premium plugin v23.4 (Yoast SEO v23.9) - https:\/\/yoast.com\/wordpress\/plugins\/seo\/ -->\n<title>BB Glow - Beauty Plus<\/title>\n<meta name=\"robots\" content=\"index, follow, max-snippet:-1, max-image-preview:large, max-video-preview:-1\" \/>\n<link rel=\"canonical\" href=\"https:\/\/beautyplus.life\/index.php\/produit\/bb-glow\/\" \/>\n<meta property=\"og:locale\" content=\"fr_FR\" \/>\n<meta property=\"og:type\" content=\"article\" \/>\n<meta property=\"og:title\" content=\"BB Glow\" \/>\n<meta property=\"og:description\" content=\"Notre produit est sp\u00e9cialement formul\u00e9 pour vous donner un teint radieux et lumineux. Il fait des merveilles sur tous les types de peau, mais il est particuli\u00e8rement efficace sur les peaux pigment\u00e9es. Dites adieu au teint terne et in\u00e9gal gr\u00e2ce \u00e0 notre produit.\" \/>\n<meta property=\"og:url\" content=\"https:\/\/beautyplus.life\/index.php\/produit\/bb-glow\/\" \/>\n<meta property=\"og:site_name\" content=\"Beauty Plus\" \/>\n<meta property=\"article:modified_time\" content=\"2024-12-12T12:52:54+00:00\" \/>\n<meta property=\"og:image\" content=\"https:\/\/beautyplus.life\/wp-content\/uploads\/2024\/07\/806f71fc6e05e.jpg\" \/>\n\t<meta property=\"og:image:width\" content=\"750\" \/>\n\t<meta property=\"og:image:height\" content=\"750\" \/>\n\t<meta property=\"og:image:type\" content=\"image\/jpeg\" \/>\n<meta name=\"twitter:card\" content=\"summary_large_image\" \/>\n<meta name=\"twitter:label1\" content=\"Dur\u00e9e de lecture estim\u00e9e\" \/>\n\t<meta name=\"twitter:data1\" content=\"1 minute\" \/>\n<script type=\"application\/ld+json\" class=\"yoast-schema-graph\">{\"@context\":\"https:\/\/schema.org\",\"@graph\":[{\"@type\":\"WebPage\",\"@id\":\"https:\/\/beautyplus.life\/index.php\/produit\/bb-glow\/\",\"url\":\"https:\/\/beautyplus.life\/index.php\/produit\/bb-glow\/\",\"name\":\"BB Glow - Beauty Plus\",\"isPartOf\":{\"@id\":\"https:\/\/beautyplus.life\/#website\"},\"primaryImageOfPage\":{\"@id\":\"https:\/\/beautyplus.life\/index.php\/produit\/bb-glow\/#primaryimage\"},\"image\":{\"@id\":\"https:\/\/beautyplus.life\/index.php\/produit\/bb-glow\/#primaryimage\"},\"thumbnailUrl\":\"https:\/\/beautyplus.life\/wp-content\/uploads\/2024\/07\/806f71fc6e05e.jpg\",\"datePublished\":\"2024-07-22T18:57:01+00:00\",\"dateModified\":\"2024-12-12T12:52:54+00:00\",\"breadcrumb\":{\"@id\":\"https:\/\/beautyplus.life\/index.php\/produit\/bb-glow\/#breadcrumb\"},\"inLanguage\":\"fr-FR\",\"potentialAction\":[{\"@type\":\"ReadAction\",\"target\":[\"https:\/\/beautyplus.life\/index.php\/produit\/bb-glow\/\"]}]},{\"@type\":\"ImageObject\",\"inLanguage\":\"fr-FR\",\"@id\":\"https:\/\/beautyplus.life\/index.php\/produit\/bb-glow\/#primaryimage\",\"url\":\"https:\/\/beautyplus.life\/wp-content\/uploads\/2024\/07\/806f71fc6e05e.jpg\",\"contentUrl\":\"https:\/\/beautyplus.life\/wp-content\/uploads\/2024\/07\/806f71fc6e05e.jpg\",\"width\":750,\"height\":750},{\"@type\":\"BreadcrumbList\",\"@id\":\"https:\/\/beautyplus.life\/index.php\/produit\/bb-glow\/#breadcrumb\",\"itemListElement\":[{\"@type\":\"ListItem\",\"position\":1,\"name\":\"Home\",\"item\":\"https:\/\/beautyplus.life\/\"},{\"@type\":\"ListItem\",\"position\":2,\"name\":\"Boutique\",\"item\":\"https:\/\/beautyplus.life\/index.php\/boutique\/\"},{\"@type\":\"ListItem\",\"position\":3,\"name\":\"BB Glow\"}]},{\"@type\":\"WebSite\",\"@id\":\"https:\/\/beautyplus.life\/#website\",\"url\":\"https:\/\/beautyplus.life\/\",\"name\":\"Beauty Plus\",\"description\":\"Sp\u00e9cialiste soin et beaut\u00e9\",\"publisher\":{\"@id\":\"https:\/\/beautyplus.life\/#organization\"},\"potentialAction\":[{\"@type\":\"SearchAction\",\"target\":{\"@type\":\"EntryPoint\",\"urlTemplate\":\"https:\/\/beautyplus.life\/?s={search_term_string}\"},\"query-input\":{\"@type\":\"PropertyValueSpecification\",\"valueRequired\":true,\"valueName\":\"search_term_string\"}}],\"inLanguage\":\"fr-FR\"},{\"@type\":\"Organization\",\"@id\":\"https:\/\/beautyplus.life\/#organization\",\"name\":\"Beauty Plus\",\"url\":\"https:\/\/beautyplus.life\/\",\"logo\":{\"@type\":\"ImageObject\",\"inLanguage\":\"fr-FR\",\"@id\":\"https:\/\/beautyplus.life\/#\/schema\/logo\/image\/\",\"url\":\"https:\/\/beautyplus.life\/wp-content\/uploads\/2021\/08\/BPlus_logo_assets.svg\",\"contentUrl\":\"https:\/\/beautyplus.life\/wp-content\/uploads\/2021\/08\/BPlus_logo_assets.svg\",\"width\":328.19,\"height\":150.99,\"caption\":\"Beauty Plus\"},\"image\":{\"@id\":\"https:\/\/beautyplus.life\/#\/schema\/logo\/image\/\"}}]}<\/script>\n<!-- \/ Yoast SEO Premium plugin. -->","yoast_head_json":{"title":"BB Glow - Beauty Plus","robots":{"index":"index","follow":"follow","max-snippet":"max-snippet:-1","max-image-preview":"max-image-preview:large","max-video-preview":"max-video-preview:-1"},"canonical":"https:\/\/beautyplus.life\/index.php\/produit\/bb-glow\/","og_locale":"fr_FR","og_type":"article","og_title":"BB Glow","og_description":"Notre produit est sp\u00e9cialement formul\u00e9 pour vous donner un teint radieux et lumineux. Il fait des merveilles sur tous les types de peau, mais il est particuli\u00e8rement efficace sur les peaux pigment\u00e9es. Dites adieu au teint terne et in\u00e9gal gr\u00e2ce \u00e0 notre produit.","og_url":"https:\/\/beautyplus.life\/index.php\/produit\/bb-glow\/","og_site_name":"Beauty Plus","article_modified_time":"2024-12-12T12:52:54+00:00","og_image":[{"width":750,"height":750,"url":"https:\/\/beautyplus.life\/wp-content\/uploads\/2024\/07\/806f71fc6e05e.jpg","type":"image\/jpeg"}],"twitter_card":"summary_large_image","twitter_misc":{"Dur\u00e9e de lecture estim\u00e9e":"1 minute"},"schema":{"@context":"https:\/\/schema.org","@graph":[{"@type":"WebPage","@id":"https:\/\/beautyplus.life\/index.php\/produit\/bb-glow\/","url":"https:\/\/beautyplus.life\/index.php\/produit\/bb-glow\/","name":"BB Glow - Beauty Plus","isPartOf":{"@id":"https:\/\/beautyplus.life\/#website"},"primaryImageOfPage":{"@id":"https:\/\/beautyplus.life\/index.php\/produit\/bb-glow\/#primaryimage"},"image":{"@id":"https:\/\/beautyplus.life\/index.php\/produit\/bb-glow\/#primaryimage"},"thumbnailUrl":"https:\/\/beautyplus.life\/wp-content\/uploads\/2024\/07\/806f71fc6e05e.jpg","datePublished":"2024-07-22T18:57:01+00:00","dateModified":"2024-12-12T12:52:54+00:00","breadcrumb":{"@id":"https:\/\/beautyplus.life\/index.php\/produit\/bb-glow\/#breadcrumb"},"inLanguage":"fr-FR","potentialAction":[{"@type":"ReadAction","target":["https:\/\/beautyplus.life\/index.php\/produit\/bb-glow\/"]}]},{"@type":"ImageObject","inLanguage":"fr-FR","@id":"https:\/\/beautyplus.life\/index.php\/produit\/bb-glow\/#primaryimage","url":"https:\/\/beautyplus.life\/wp-content\/uploads\/2024\/07\/806f71fc6e05e.jpg","contentUrl":"https:\/\/beautyplus.life\/wp-content\/uploads\/2024\/07\/806f71fc6e05e.jpg","width":750,"height":750},{"@type":"BreadcrumbList","@id":"https:\/\/beautyplus.life\/index.php\/produit\/bb-glow\/#breadcrumb","itemListElement":[{"@type":"ListItem","position":1,"name":"Home","item":"https:\/\/beautyplus.life\/"},{"@type":"ListItem","position":2,"name":"Boutique","item":"https:\/\/beautyplus.life\/index.php\/boutique\/"},{"@type":"ListItem","position":3,"name":"BB Glow"}]},{"@type":"WebSite","@id":"https:\/\/beautyplus.life\/#website","url":"https:\/\/beautyplus.life\/","name":"Beauty Plus","description":"Sp\u00e9cialiste soin et beaut\u00e9","publisher":{"@id":"https:\/\/beautyplus.life\/#organization"},"potentialAction":[{"@type":"SearchAction","target":{"@type":"EntryPoint","urlTemplate":"https:\/\/beautyplus.life\/?s={search_term_string}"},"query-input":{"@type":"PropertyValueSpecification","valueRequired":true,"valueName":"search_term_string"}}],"inLanguage":"fr-FR"},{"@type":"Organization","@id":"https:\/\/beautyplus.life\/#organization","name":"Beauty Plus","url":"https:\/\/beautyplus.life\/","logo":{"@type":"ImageObject","inLanguage":"fr-FR","@id":"https:\/\/beautyplus.life\/#\/schema\/logo\/image\/","url":"https:\/\/beautyplus.life\/wp-content\/uploads\/2021\/08\/BPlus_logo_assets.svg","contentUrl":"https:\/\/beautyplus.life\/wp-content\/uploads\/2021\/08\/BPlus_logo_assets.svg","width":328.19,"height":150.99,"caption":"Beauty Plus"},"image":{"@id":"https:\/\/beautyplus.life\/#\/schema\/logo\/image\/"}}]}},"_links":{"self":[{"href":"https:\/\/beautyplus.life\/index.php\/wp-json\/wp\/v2\/product\/2695","targetHints":{"allow":["GET"]}}],"collection":[{"href":"https:\/\/beautyplus.life\/index.php\/wp-json\/wp\/v2\/product"}],"about":[{"href":"https:\/\/beautyplus.life\/index.php\/wp-json\/wp\/v2\/types\/product"}],"wp:featuredmedia":[{"embeddable":true,"href":"https:\/\/beautyplus.life\/index.php\/wp-json\/wp\/v2\/media\/2696"}],"wp:attachment":[{"href":"https:\/\/beautyplus.life\/index.php\/wp-json\/wp\/v2\/media?parent=2695"}],"wp:term":[{"taxonomy":"product_brand","embeddable":true,"href":"https:\/\/beautyplus.life\/index.php\/wp-json\/wp\/v2\/product_brand?post=2695"},{"taxonomy":"product_cat","embeddable":true,"href":"https:\/\/beautyplus.life\/index.php\/wp-json\/wp\/v2\/product_cat?post=2695"},{"taxonomy":"product_tag","embeddable":true,"href":"https:\/\/beautyplus.life\/index.php\/wp-json\/wp\/v2\/product_tag?post=2695"}],"curies":[{"name":"wp","href":"https:\/\/api.w.org\/{rel}","templated":true}]}}