{"id":2697,"date":"2024-07-22T15:04:15","date_gmt":"2024-07-22T19:04:15","guid":{"rendered":"https:\/\/beautyplus.life\/?post_type=product&#038;p=2697"},"modified":"2024-12-12T08:12:33","modified_gmt":"2024-12-12T12:12:33","slug":"mask-peel","status":"publish","type":"product","link":"https:\/\/beautyplus.life\/index.php\/produit\/mask-peel\/","title":{"rendered":"Mask Peel"},"content":{"rendered":"<p>Dermaceutic Mask Peel est une peeling tr\u00e8s superficiel indiqu\u00e9 pour les peaux grasses acn\u00e9iques, pores dilat\u00e9s et l\u2019exc\u00e8s de s\u00e9bum. Gr\u00e2ce \u00e0 son action, ce masque r\u00e9gule les peaux grasses, purifie l&rsquo;\u00e9piderme, unifie le teint brouill\u00e9 et resserre les pores.<\/p>\n<p><strong>Ingr\u00e9dients :<\/strong><br \/>\n<strong>Acide glycolique :\u00a0<\/strong>un ingr\u00e9dient hydrophile stimulant le renouvellement cellulaire et \u00e9liminant les cellules mortes.<br \/>\n<strong>Acide salicylique :\u00a0<\/strong>un ingr\u00e9dient lipophile assurant une action k\u00e9ratolytique sur la peau (\u00e9piderme).<br \/>\n<strong>Bentonite<br \/>\npH \u2248 2<\/strong><\/p>\n","protected":false},"excerpt":{"rendered":"<p>Dermaceutic Mask Peel est une peeling tr\u00e8s superficiel indiqu\u00e9 pour les peaux grasses acn\u00e9iques, pores dilat\u00e9s et l\u2019exc\u00e8s de s\u00e9bum. Gr\u00e2ce \u00e0 son action, ce masque r\u00e9gule les peaux grasses, purifie l&rsquo;\u00e9piderme, unifie le teint brouill\u00e9 et resserre les pores.<\/p>\n","protected":false},"featured_media":2698,"template":"","meta":[],"product_brand":[44],"product_cat":[43,34],"product_tag":[52],"class_list":{"0":"post-2697","1":"product","2":"type-product","3":"status-publish","4":"has-post-thumbnail","6":"product_brand-dermaceutic","7":"product_cat-masque","8":"product_cat-visage","9":"product_tag-peeling","11":"first","12":"instock","13":"taxable","14":"shipping-taxable","15":"purchasable","16":"product-type-simple"},"yoast_head":"<!-- This site is optimized with the Yoast SEO Premium plugin v23.4 (Yoast SEO v23.9) - https:\/\/yoast.com\/wordpress\/plugins\/seo\/ -->\n<title>Mask Peel - Beauty Plus<\/title>\n<meta name=\"robots\" content=\"index, follow, max-snippet:-1, max-image-preview:large, max-video-preview:-1\" \/>\n<link rel=\"canonical\" href=\"https:\/\/beautyplus.life\/index.php\/produit\/mask-peel\/\" \/>\n<meta property=\"og:locale\" content=\"fr_FR\" \/>\n<meta property=\"og:type\" content=\"article\" \/>\n<meta property=\"og:title\" content=\"Mask Peel\" \/>\n<meta property=\"og:description\" content=\"Dermaceutic Mask Peel est une peeling tr\u00e8s superficiel indiqu\u00e9 pour les peaux grasses acn\u00e9iques, pores dilat\u00e9s et l\u2019exc\u00e8s de s\u00e9bum. Gr\u00e2ce \u00e0 son action, ce masque r\u00e9gule les peaux grasses, purifie l&#039;\u00e9piderme, unifie le teint brouill\u00e9 et resserre les pores.\" \/>\n<meta property=\"og:url\" content=\"https:\/\/beautyplus.life\/index.php\/produit\/mask-peel\/\" \/>\n<meta property=\"og:site_name\" content=\"Beauty Plus\" \/>\n<meta property=\"article:modified_time\" content=\"2024-12-12T12:12:33+00:00\" \/>\n<meta property=\"og:image\" content=\"https:\/\/beautyplus.life\/wp-content\/uploads\/2024\/07\/mask-peel-very-supercial-chemical-peel-2_0x1080.jpg\" \/>\n\t<meta property=\"og:image:width\" content=\"1080\" \/>\n\t<meta property=\"og:image:height\" content=\"1080\" \/>\n\t<meta property=\"og:image:type\" content=\"image\/jpeg\" \/>\n<meta name=\"twitter:card\" content=\"summary_large_image\" \/>\n<meta name=\"twitter:label1\" content=\"Dur\u00e9e de lecture estim\u00e9e\" \/>\n\t<meta name=\"twitter:data1\" content=\"1 minute\" \/>\n<script type=\"application\/ld+json\" class=\"yoast-schema-graph\">{\"@context\":\"https:\/\/schema.org\",\"@graph\":[{\"@type\":\"WebPage\",\"@id\":\"https:\/\/beautyplus.life\/index.php\/produit\/mask-peel\/\",\"url\":\"https:\/\/beautyplus.life\/index.php\/produit\/mask-peel\/\",\"name\":\"Mask Peel - Beauty Plus\",\"isPartOf\":{\"@id\":\"https:\/\/beautyplus.life\/#website\"},\"primaryImageOfPage\":{\"@id\":\"https:\/\/beautyplus.life\/index.php\/produit\/mask-peel\/#primaryimage\"},\"image\":{\"@id\":\"https:\/\/beautyplus.life\/index.php\/produit\/mask-peel\/#primaryimage\"},\"thumbnailUrl\":\"https:\/\/beautyplus.life\/wp-content\/uploads\/2024\/07\/mask-peel-very-supercial-chemical-peel-2_0x1080.jpg\",\"datePublished\":\"2024-07-22T19:04:15+00:00\",\"dateModified\":\"2024-12-12T12:12:33+00:00\",\"breadcrumb\":{\"@id\":\"https:\/\/beautyplus.life\/index.php\/produit\/mask-peel\/#breadcrumb\"},\"inLanguage\":\"fr-FR\",\"potentialAction\":[{\"@type\":\"ReadAction\",\"target\":[\"https:\/\/beautyplus.life\/index.php\/produit\/mask-peel\/\"]}]},{\"@type\":\"ImageObject\",\"inLanguage\":\"fr-FR\",\"@id\":\"https:\/\/beautyplus.life\/index.php\/produit\/mask-peel\/#primaryimage\",\"url\":\"https:\/\/beautyplus.life\/wp-content\/uploads\/2024\/07\/mask-peel-very-supercial-chemical-peel-2_0x1080.jpg\",\"contentUrl\":\"https:\/\/beautyplus.life\/wp-content\/uploads\/2024\/07\/mask-peel-very-supercial-chemical-peel-2_0x1080.jpg\",\"width\":1080,\"height\":1080},{\"@type\":\"BreadcrumbList\",\"@id\":\"https:\/\/beautyplus.life\/index.php\/produit\/mask-peel\/#breadcrumb\",\"itemListElement\":[{\"@type\":\"ListItem\",\"position\":1,\"name\":\"Home\",\"item\":\"https:\/\/beautyplus.life\/\"},{\"@type\":\"ListItem\",\"position\":2,\"name\":\"Boutique\",\"item\":\"https:\/\/beautyplus.life\/index.php\/boutique\/\"},{\"@type\":\"ListItem\",\"position\":3,\"name\":\"Mask Peel\"}]},{\"@type\":\"WebSite\",\"@id\":\"https:\/\/beautyplus.life\/#website\",\"url\":\"https:\/\/beautyplus.life\/\",\"name\":\"Beauty Plus\",\"description\":\"Sp\u00e9cialiste soin et beaut\u00e9\",\"publisher\":{\"@id\":\"https:\/\/beautyplus.life\/#organization\"},\"potentialAction\":[{\"@type\":\"SearchAction\",\"target\":{\"@type\":\"EntryPoint\",\"urlTemplate\":\"https:\/\/beautyplus.life\/?s={search_term_string}\"},\"query-input\":{\"@type\":\"PropertyValueSpecification\",\"valueRequired\":true,\"valueName\":\"search_term_string\"}}],\"inLanguage\":\"fr-FR\"},{\"@type\":\"Organization\",\"@id\":\"https:\/\/beautyplus.life\/#organization\",\"name\":\"Beauty Plus\",\"url\":\"https:\/\/beautyplus.life\/\",\"logo\":{\"@type\":\"ImageObject\",\"inLanguage\":\"fr-FR\",\"@id\":\"https:\/\/beautyplus.life\/#\/schema\/logo\/image\/\",\"url\":\"https:\/\/beautyplus.life\/wp-content\/uploads\/2021\/08\/BPlus_logo_assets.svg\",\"contentUrl\":\"https:\/\/beautyplus.life\/wp-content\/uploads\/2021\/08\/BPlus_logo_assets.svg\",\"width\":328.19,\"height\":150.99,\"caption\":\"Beauty Plus\"},\"image\":{\"@id\":\"https:\/\/beautyplus.life\/#\/schema\/logo\/image\/\"}}]}<\/script>\n<!-- \/ Yoast SEO Premium plugin. -->","yoast_head_json":{"title":"Mask Peel - Beauty Plus","robots":{"index":"index","follow":"follow","max-snippet":"max-snippet:-1","max-image-preview":"max-image-preview:large","max-video-preview":"max-video-preview:-1"},"canonical":"https:\/\/beautyplus.life\/index.php\/produit\/mask-peel\/","og_locale":"fr_FR","og_type":"article","og_title":"Mask Peel","og_description":"Dermaceutic Mask Peel est une peeling tr\u00e8s superficiel indiqu\u00e9 pour les peaux grasses acn\u00e9iques, pores dilat\u00e9s et l\u2019exc\u00e8s de s\u00e9bum. Gr\u00e2ce \u00e0 son action, ce masque r\u00e9gule les peaux grasses, purifie l'\u00e9piderme, unifie le teint brouill\u00e9 et resserre les pores.","og_url":"https:\/\/beautyplus.life\/index.php\/produit\/mask-peel\/","og_site_name":"Beauty Plus","article_modified_time":"2024-12-12T12:12:33+00:00","og_image":[{"width":1080,"height":1080,"url":"https:\/\/beautyplus.life\/wp-content\/uploads\/2024\/07\/mask-peel-very-supercial-chemical-peel-2_0x1080.jpg","type":"image\/jpeg"}],"twitter_card":"summary_large_image","twitter_misc":{"Dur\u00e9e de lecture estim\u00e9e":"1 minute"},"schema":{"@context":"https:\/\/schema.org","@graph":[{"@type":"WebPage","@id":"https:\/\/beautyplus.life\/index.php\/produit\/mask-peel\/","url":"https:\/\/beautyplus.life\/index.php\/produit\/mask-peel\/","name":"Mask Peel - Beauty Plus","isPartOf":{"@id":"https:\/\/beautyplus.life\/#website"},"primaryImageOfPage":{"@id":"https:\/\/beautyplus.life\/index.php\/produit\/mask-peel\/#primaryimage"},"image":{"@id":"https:\/\/beautyplus.life\/index.php\/produit\/mask-peel\/#primaryimage"},"thumbnailUrl":"https:\/\/beautyplus.life\/wp-content\/uploads\/2024\/07\/mask-peel-very-supercial-chemical-peel-2_0x1080.jpg","datePublished":"2024-07-22T19:04:15+00:00","dateModified":"2024-12-12T12:12:33+00:00","breadcrumb":{"@id":"https:\/\/beautyplus.life\/index.php\/produit\/mask-peel\/#breadcrumb"},"inLanguage":"fr-FR","potentialAction":[{"@type":"ReadAction","target":["https:\/\/beautyplus.life\/index.php\/produit\/mask-peel\/"]}]},{"@type":"ImageObject","inLanguage":"fr-FR","@id":"https:\/\/beautyplus.life\/index.php\/produit\/mask-peel\/#primaryimage","url":"https:\/\/beautyplus.life\/wp-content\/uploads\/2024\/07\/mask-peel-very-supercial-chemical-peel-2_0x1080.jpg","contentUrl":"https:\/\/beautyplus.life\/wp-content\/uploads\/2024\/07\/mask-peel-very-supercial-chemical-peel-2_0x1080.jpg","width":1080,"height":1080},{"@type":"BreadcrumbList","@id":"https:\/\/beautyplus.life\/index.php\/produit\/mask-peel\/#breadcrumb","itemListElement":[{"@type":"ListItem","position":1,"name":"Home","item":"https:\/\/beautyplus.life\/"},{"@type":"ListItem","position":2,"name":"Boutique","item":"https:\/\/beautyplus.life\/index.php\/boutique\/"},{"@type":"ListItem","position":3,"name":"Mask Peel"}]},{"@type":"WebSite","@id":"https:\/\/beautyplus.life\/#website","url":"https:\/\/beautyplus.life\/","name":"Beauty Plus","description":"Sp\u00e9cialiste soin et beaut\u00e9","publisher":{"@id":"https:\/\/beautyplus.life\/#organization"},"potentialAction":[{"@type":"SearchAction","target":{"@type":"EntryPoint","urlTemplate":"https:\/\/beautyplus.life\/?s={search_term_string}"},"query-input":{"@type":"PropertyValueSpecification","valueRequired":true,"valueName":"search_term_string"}}],"inLanguage":"fr-FR"},{"@type":"Organization","@id":"https:\/\/beautyplus.life\/#organization","name":"Beauty Plus","url":"https:\/\/beautyplus.life\/","logo":{"@type":"ImageObject","inLanguage":"fr-FR","@id":"https:\/\/beautyplus.life\/#\/schema\/logo\/image\/","url":"https:\/\/beautyplus.life\/wp-content\/uploads\/2021\/08\/BPlus_logo_assets.svg","contentUrl":"https:\/\/beautyplus.life\/wp-content\/uploads\/2021\/08\/BPlus_logo_assets.svg","width":328.19,"height":150.99,"caption":"Beauty Plus"},"image":{"@id":"https:\/\/beautyplus.life\/#\/schema\/logo\/image\/"}}]}},"_links":{"self":[{"href":"https:\/\/beautyplus.life\/index.php\/wp-json\/wp\/v2\/product\/2697","targetHints":{"allow":["GET"]}}],"collection":[{"href":"https:\/\/beautyplus.life\/index.php\/wp-json\/wp\/v2\/product"}],"about":[{"href":"https:\/\/beautyplus.life\/index.php\/wp-json\/wp\/v2\/types\/product"}],"wp:featuredmedia":[{"embeddable":true,"href":"https:\/\/beautyplus.life\/index.php\/wp-json\/wp\/v2\/media\/2698"}],"wp:attachment":[{"href":"https:\/\/beautyplus.life\/index.php\/wp-json\/wp\/v2\/media?parent=2697"}],"wp:term":[{"taxonomy":"product_brand","embeddable":true,"href":"https:\/\/beautyplus.life\/index.php\/wp-json\/wp\/v2\/product_brand?post=2697"},{"taxonomy":"product_cat","embeddable":true,"href":"https:\/\/beautyplus.life\/index.php\/wp-json\/wp\/v2\/product_cat?post=2697"},{"taxonomy":"product_tag","embeddable":true,"href":"https:\/\/beautyplus.life\/index.php\/wp-json\/wp\/v2\/product_tag?post=2697"}],"curies":[{"name":"wp","href":"https:\/\/api.w.org\/{rel}","templated":true}]}}