{"id":2703,"date":"2024-07-22T16:04:59","date_gmt":"2024-07-22T20:04:59","guid":{"rendered":"https:\/\/beautyplus.life\/?post_type=product&#038;p=2703"},"modified":"2024-12-12T08:12:32","modified_gmt":"2024-12-12T12:12:32","slug":"savon-peeling-rose-de-mer","status":"publish","type":"product","link":"https:\/\/beautyplus.life\/index.php\/produit\/savon-peeling-rose-de-mer\/","title":{"rendered":"Savon Peeling Rose de Mer"},"content":{"rendered":"<p>Vous souhaitez obtenir un teint lisse, uniforme et \u00e9clatant ? Alors ne cherchez pas plus loin que le savon exfoliant &#8211; la solution professionnelle ultime pour \u00e9liminer les cellules mortes de la peau. Avec le savon exfoliant Rose De Mer, vous profiterez des avantages d&rsquo;un savon exfoliant qui aide \u00e0 ouvrir les bouchons de k\u00e9ratine et \u00e0 stimuler la circulation, vous laissant avec la peau \u00e9clatante dont vous avez toujours r\u00eav\u00e9. Alors, pourquoi attendre ? Essayez le savon gommant d\u00e8s aujourd&rsquo;hui et d\u00e9couvrez le secret d&rsquo;une peau belle et sans d\u00e9faut !<\/p>\n","protected":false},"excerpt":{"rendered":"<p>Vous souhaitez obtenir un teint lisse, uniforme et \u00e9clatant ? Alors ne cherchez pas plus loin que le savon exfoliant &#8211; la solution professionnelle ultime pour \u00e9liminer les cellules mortes de la peau. Avec le savon exfoliant Rose De Mer, vous profiterez des avantages d&rsquo;un savon exfoliant qui aide \u00e0 ouvrir les bouchons de k\u00e9ratine et \u00e0 stimuler la circulation, vous laissant avec la peau \u00e9clatante dont vous avez toujours r\u00eav\u00e9. Alors, pourquoi attendre ? Essayez le savon gommant d\u00e8s aujourd&rsquo;hui et d\u00e9couvrez le secret d&rsquo;une peau belle et sans d\u00e9faut !<\/p>\n","protected":false},"featured_media":2704,"template":"","meta":[],"product_brand":[46],"product_cat":[45,34],"product_tag":[49,52],"class_list":{"0":"post-2703","1":"product","2":"type-product","3":"status-publish","4":"has-post-thumbnail","6":"product_brand-christina","7":"product_cat-peeling","8":"product_cat-visage","9":"product_tag-microdermabrasion","10":"product_tag-peeling","12":"first","13":"instock","14":"taxable","15":"shipping-taxable","16":"purchasable","17":"product-type-simple"},"yoast_head":"<!-- This site is optimized with the Yoast SEO Premium plugin v23.4 (Yoast SEO v23.9) - https:\/\/yoast.com\/wordpress\/plugins\/seo\/ -->\n<title>Savon Peeling Rose de Mer - Beauty Plus<\/title>\n<meta name=\"robots\" content=\"index, follow, max-snippet:-1, max-image-preview:large, max-video-preview:-1\" \/>\n<link rel=\"canonical\" href=\"https:\/\/beautyplus.life\/index.php\/produit\/savon-peeling-rose-de-mer\/\" \/>\n<meta property=\"og:locale\" content=\"fr_FR\" \/>\n<meta property=\"og:type\" content=\"article\" \/>\n<meta property=\"og:title\" content=\"Savon Peeling Rose de Mer\" \/>\n<meta property=\"og:description\" content=\"Vous souhaitez obtenir un teint lisse, uniforme et \u00e9clatant ? Alors ne cherchez pas plus loin que le savon exfoliant - la solution professionnelle ultime pour \u00e9liminer les cellules mortes de la peau. Avec le savon exfoliant Rose De Mer, vous profiterez des avantages d&#039;un savon exfoliant qui aide \u00e0 ouvrir les bouchons de k\u00e9ratine et \u00e0 stimuler la circulation, vous laissant avec la peau \u00e9clatante dont vous avez toujours r\u00eav\u00e9. Alors, pourquoi attendre ? Essayez le savon gommant d\u00e8s aujourd&#039;hui et d\u00e9couvrez le secret d&#039;une peau belle et sans d\u00e9faut !\" \/>\n<meta property=\"og:url\" content=\"https:\/\/beautyplus.life\/index.php\/produit\/savon-peeling-rose-de-mer\/\" \/>\n<meta property=\"og:site_name\" content=\"Beauty Plus\" \/>\n<meta property=\"article:modified_time\" content=\"2024-12-12T12:12:32+00:00\" \/>\n<meta property=\"og:image\" content=\"https:\/\/beautyplus.life\/wp-content\/uploads\/2024\/07\/RDM_peelingsoap_single_2000x.webp\" \/>\n\t<meta property=\"og:image:width\" content=\"1271\" \/>\n\t<meta property=\"og:image:height\" content=\"1397\" \/>\n\t<meta property=\"og:image:type\" content=\"image\/webp\" \/>\n<meta name=\"twitter:card\" content=\"summary_large_image\" \/>\n<meta name=\"twitter:label1\" content=\"Dur\u00e9e de lecture estim\u00e9e\" \/>\n\t<meta name=\"twitter:data1\" content=\"1 minute\" \/>\n<script type=\"application\/ld+json\" class=\"yoast-schema-graph\">{\"@context\":\"https:\/\/schema.org\",\"@graph\":[{\"@type\":\"WebPage\",\"@id\":\"https:\/\/beautyplus.life\/index.php\/produit\/savon-peeling-rose-de-mer\/\",\"url\":\"https:\/\/beautyplus.life\/index.php\/produit\/savon-peeling-rose-de-mer\/\",\"name\":\"Savon Peeling Rose de Mer - Beauty Plus\",\"isPartOf\":{\"@id\":\"https:\/\/beautyplus.life\/#website\"},\"primaryImageOfPage\":{\"@id\":\"https:\/\/beautyplus.life\/index.php\/produit\/savon-peeling-rose-de-mer\/#primaryimage\"},\"image\":{\"@id\":\"https:\/\/beautyplus.life\/index.php\/produit\/savon-peeling-rose-de-mer\/#primaryimage\"},\"thumbnailUrl\":\"https:\/\/beautyplus.life\/wp-content\/uploads\/2024\/07\/RDM_peelingsoap_single_2000x.webp\",\"datePublished\":\"2024-07-22T20:04:59+00:00\",\"dateModified\":\"2024-12-12T12:12:32+00:00\",\"breadcrumb\":{\"@id\":\"https:\/\/beautyplus.life\/index.php\/produit\/savon-peeling-rose-de-mer\/#breadcrumb\"},\"inLanguage\":\"fr-FR\",\"potentialAction\":[{\"@type\":\"ReadAction\",\"target\":[\"https:\/\/beautyplus.life\/index.php\/produit\/savon-peeling-rose-de-mer\/\"]}]},{\"@type\":\"ImageObject\",\"inLanguage\":\"fr-FR\",\"@id\":\"https:\/\/beautyplus.life\/index.php\/produit\/savon-peeling-rose-de-mer\/#primaryimage\",\"url\":\"https:\/\/beautyplus.life\/wp-content\/uploads\/2024\/07\/RDM_peelingsoap_single_2000x.webp\",\"contentUrl\":\"https:\/\/beautyplus.life\/wp-content\/uploads\/2024\/07\/RDM_peelingsoap_single_2000x.webp\",\"width\":1271,\"height\":1397},{\"@type\":\"BreadcrumbList\",\"@id\":\"https:\/\/beautyplus.life\/index.php\/produit\/savon-peeling-rose-de-mer\/#breadcrumb\",\"itemListElement\":[{\"@type\":\"ListItem\",\"position\":1,\"name\":\"Home\",\"item\":\"https:\/\/beautyplus.life\/\"},{\"@type\":\"ListItem\",\"position\":2,\"name\":\"Boutique\",\"item\":\"https:\/\/beautyplus.life\/index.php\/boutique\/\"},{\"@type\":\"ListItem\",\"position\":3,\"name\":\"Savon Peeling Rose de Mer\"}]},{\"@type\":\"WebSite\",\"@id\":\"https:\/\/beautyplus.life\/#website\",\"url\":\"https:\/\/beautyplus.life\/\",\"name\":\"Beauty Plus\",\"description\":\"Sp\u00e9cialiste soin et beaut\u00e9\",\"publisher\":{\"@id\":\"https:\/\/beautyplus.life\/#organization\"},\"potentialAction\":[{\"@type\":\"SearchAction\",\"target\":{\"@type\":\"EntryPoint\",\"urlTemplate\":\"https:\/\/beautyplus.life\/?s={search_term_string}\"},\"query-input\":{\"@type\":\"PropertyValueSpecification\",\"valueRequired\":true,\"valueName\":\"search_term_string\"}}],\"inLanguage\":\"fr-FR\"},{\"@type\":\"Organization\",\"@id\":\"https:\/\/beautyplus.life\/#organization\",\"name\":\"Beauty Plus\",\"url\":\"https:\/\/beautyplus.life\/\",\"logo\":{\"@type\":\"ImageObject\",\"inLanguage\":\"fr-FR\",\"@id\":\"https:\/\/beautyplus.life\/#\/schema\/logo\/image\/\",\"url\":\"https:\/\/beautyplus.life\/wp-content\/uploads\/2021\/08\/BPlus_logo_assets.svg\",\"contentUrl\":\"https:\/\/beautyplus.life\/wp-content\/uploads\/2021\/08\/BPlus_logo_assets.svg\",\"width\":328.19,\"height\":150.99,\"caption\":\"Beauty Plus\"},\"image\":{\"@id\":\"https:\/\/beautyplus.life\/#\/schema\/logo\/image\/\"}}]}<\/script>\n<!-- \/ Yoast SEO Premium plugin. -->","yoast_head_json":{"title":"Savon Peeling Rose de Mer - Beauty Plus","robots":{"index":"index","follow":"follow","max-snippet":"max-snippet:-1","max-image-preview":"max-image-preview:large","max-video-preview":"max-video-preview:-1"},"canonical":"https:\/\/beautyplus.life\/index.php\/produit\/savon-peeling-rose-de-mer\/","og_locale":"fr_FR","og_type":"article","og_title":"Savon Peeling Rose de Mer","og_description":"Vous souhaitez obtenir un teint lisse, uniforme et \u00e9clatant ? Alors ne cherchez pas plus loin que le savon exfoliant - la solution professionnelle ultime pour \u00e9liminer les cellules mortes de la peau. Avec le savon exfoliant Rose De Mer, vous profiterez des avantages d'un savon exfoliant qui aide \u00e0 ouvrir les bouchons de k\u00e9ratine et \u00e0 stimuler la circulation, vous laissant avec la peau \u00e9clatante dont vous avez toujours r\u00eav\u00e9. Alors, pourquoi attendre ? Essayez le savon gommant d\u00e8s aujourd'hui et d\u00e9couvrez le secret d'une peau belle et sans d\u00e9faut !","og_url":"https:\/\/beautyplus.life\/index.php\/produit\/savon-peeling-rose-de-mer\/","og_site_name":"Beauty Plus","article_modified_time":"2024-12-12T12:12:32+00:00","og_image":[{"width":1271,"height":1397,"url":"https:\/\/beautyplus.life\/wp-content\/uploads\/2024\/07\/RDM_peelingsoap_single_2000x.webp","type":"image\/webp"}],"twitter_card":"summary_large_image","twitter_misc":{"Dur\u00e9e de lecture estim\u00e9e":"1 minute"},"schema":{"@context":"https:\/\/schema.org","@graph":[{"@type":"WebPage","@id":"https:\/\/beautyplus.life\/index.php\/produit\/savon-peeling-rose-de-mer\/","url":"https:\/\/beautyplus.life\/index.php\/produit\/savon-peeling-rose-de-mer\/","name":"Savon Peeling Rose de Mer - Beauty Plus","isPartOf":{"@id":"https:\/\/beautyplus.life\/#website"},"primaryImageOfPage":{"@id":"https:\/\/beautyplus.life\/index.php\/produit\/savon-peeling-rose-de-mer\/#primaryimage"},"image":{"@id":"https:\/\/beautyplus.life\/index.php\/produit\/savon-peeling-rose-de-mer\/#primaryimage"},"thumbnailUrl":"https:\/\/beautyplus.life\/wp-content\/uploads\/2024\/07\/RDM_peelingsoap_single_2000x.webp","datePublished":"2024-07-22T20:04:59+00:00","dateModified":"2024-12-12T12:12:32+00:00","breadcrumb":{"@id":"https:\/\/beautyplus.life\/index.php\/produit\/savon-peeling-rose-de-mer\/#breadcrumb"},"inLanguage":"fr-FR","potentialAction":[{"@type":"ReadAction","target":["https:\/\/beautyplus.life\/index.php\/produit\/savon-peeling-rose-de-mer\/"]}]},{"@type":"ImageObject","inLanguage":"fr-FR","@id":"https:\/\/beautyplus.life\/index.php\/produit\/savon-peeling-rose-de-mer\/#primaryimage","url":"https:\/\/beautyplus.life\/wp-content\/uploads\/2024\/07\/RDM_peelingsoap_single_2000x.webp","contentUrl":"https:\/\/beautyplus.life\/wp-content\/uploads\/2024\/07\/RDM_peelingsoap_single_2000x.webp","width":1271,"height":1397},{"@type":"BreadcrumbList","@id":"https:\/\/beautyplus.life\/index.php\/produit\/savon-peeling-rose-de-mer\/#breadcrumb","itemListElement":[{"@type":"ListItem","position":1,"name":"Home","item":"https:\/\/beautyplus.life\/"},{"@type":"ListItem","position":2,"name":"Boutique","item":"https:\/\/beautyplus.life\/index.php\/boutique\/"},{"@type":"ListItem","position":3,"name":"Savon Peeling Rose de Mer"}]},{"@type":"WebSite","@id":"https:\/\/beautyplus.life\/#website","url":"https:\/\/beautyplus.life\/","name":"Beauty Plus","description":"Sp\u00e9cialiste soin et beaut\u00e9","publisher":{"@id":"https:\/\/beautyplus.life\/#organization"},"potentialAction":[{"@type":"SearchAction","target":{"@type":"EntryPoint","urlTemplate":"https:\/\/beautyplus.life\/?s={search_term_string}"},"query-input":{"@type":"PropertyValueSpecification","valueRequired":true,"valueName":"search_term_string"}}],"inLanguage":"fr-FR"},{"@type":"Organization","@id":"https:\/\/beautyplus.life\/#organization","name":"Beauty Plus","url":"https:\/\/beautyplus.life\/","logo":{"@type":"ImageObject","inLanguage":"fr-FR","@id":"https:\/\/beautyplus.life\/#\/schema\/logo\/image\/","url":"https:\/\/beautyplus.life\/wp-content\/uploads\/2021\/08\/BPlus_logo_assets.svg","contentUrl":"https:\/\/beautyplus.life\/wp-content\/uploads\/2021\/08\/BPlus_logo_assets.svg","width":328.19,"height":150.99,"caption":"Beauty Plus"},"image":{"@id":"https:\/\/beautyplus.life\/#\/schema\/logo\/image\/"}}]}},"_links":{"self":[{"href":"https:\/\/beautyplus.life\/index.php\/wp-json\/wp\/v2\/product\/2703","targetHints":{"allow":["GET"]}}],"collection":[{"href":"https:\/\/beautyplus.life\/index.php\/wp-json\/wp\/v2\/product"}],"about":[{"href":"https:\/\/beautyplus.life\/index.php\/wp-json\/wp\/v2\/types\/product"}],"wp:featuredmedia":[{"embeddable":true,"href":"https:\/\/beautyplus.life\/index.php\/wp-json\/wp\/v2\/media\/2704"}],"wp:attachment":[{"href":"https:\/\/beautyplus.life\/index.php\/wp-json\/wp\/v2\/media?parent=2703"}],"wp:term":[{"taxonomy":"product_brand","embeddable":true,"href":"https:\/\/beautyplus.life\/index.php\/wp-json\/wp\/v2\/product_brand?post=2703"},{"taxonomy":"product_cat","embeddable":true,"href":"https:\/\/beautyplus.life\/index.php\/wp-json\/wp\/v2\/product_cat?post=2703"},{"taxonomy":"product_tag","embeddable":true,"href":"https:\/\/beautyplus.life\/index.php\/wp-json\/wp\/v2\/product_tag?post=2703"}],"curies":[{"name":"wp","href":"https:\/\/api.w.org\/{rel}","templated":true}]}}